{"id":11,"date":"2024-04-09T11:53:10","date_gmt":"2024-04-09T14:53:10","guid":{"rendered":"http:\/\/172.16.0.170\/ppgcited_sitenovo\/?page_id=11"},"modified":"2025-02-07T20:25:15","modified_gmt":"2025-02-07T23:25:15","slug":"teste","status":"publish","type":"page","link":"https:\/\/ppgcited.cavg.ifsul.edu.br\/","title":{"rendered":"PPGCITED"},"content":{"rendered":"\r\n<p class=\"has-text-align-justify\" style=\"text-align: justify;\">O Programa de P\u00f3s-Gradua\u00e7\u00e3o em Ci\u00eancias e Tecnologias na Educa\u00e7\u00e3o(PPGCITED), do Campus Pelotas &#8211; Visconde da Gra\u00e7a do IFSUL, em n\u00edvel de Mestrado e Especializa\u00e7\u00e3o atua de forma interdisciplinar com o objetivo principal de formar professores e desenvolver produtos, t\u00e9cnicas metodologias e tecnologias para a Educa\u00e7\u00e3o B\u00e1sica e para o Ensino T\u00e9cnico e Profissional.<\/p>\r\n\r\n\r\n\r\n<p class=\"has-text-align-left has-tablet-text-align-justify has-mobile-text-align-justify\" style=\"text-align: justify;\">O PPGCITED tem por miss\u00e3o ofertar \u00e0 comunidade uma educa\u00e7\u00e3o de qualidade, adaptada \u00e0s necessidades cient\u00edficas e tecnol\u00f3gicas deste mil\u00eanio, com base nos avan\u00e7os tecnol\u00f3gicos e no equil\u00edbrio do meio ambiente, dentro de um modelo din\u00e2mico de constru\u00e7\u00e3o de conhecimentos, atrav\u00e9s de diretrizes que, fundamentadas nos princ\u00edpios da educa\u00e7\u00e3o p\u00fablica e gratuita, congrega ensino, pesquisa e extens\u00e3o, a fim de capacitar profissionais para:<\/p>\r\n\r\n\r\n\r\n<ul class=\"wp-block-list\">\r\n<li style=\"text-align: justify;\">desenvolver a autonomia intelectual e do pensamento cr\u00edtico sobre a realidade;<\/li>\r\n\r\n\r\n\r\n<li style=\"text-align: justify;\">aprender a continuar aprendendo ao longo de toda a vida;<\/li>\r\n\r\n\r\n\r\n<li style=\"text-align: justify;\">adaptar-se com flexibilidade \u00e0s novas condi\u00e7\u00f5es de trabalho e \u00e0s exig\u00eancias de aperfei\u00e7oamentos posteriores;<\/li>\r\n\r\n\r\n\r\n<li style=\"text-align: justify;\">atuar junto \u00e0 comunidade na busca coletiva de supera\u00e7\u00e3o de problemas, com o objetivo de contribuir para a melhoria da sua qualidade de vida.<\/li>\r\n<\/ul>\r\n\r\n\r\n\r\n<p>&nbsp;<\/p>\r\n","protected":false},"excerpt":{"rendered":"<p>O Programa de P\u00f3s-Gradua\u00e7\u00e3o em Ci\u00eancias e Tecnologias na Educa\u00e7\u00e3o(PPGCITED), do Campus Pelotas &#8211; Visconde da Gra\u00e7a do IFSUL, em n\u00edvel de Mestrado e Especializa\u00e7\u00e3o atua de forma interdisciplinar com [&hellip;]<\/p>\n","protected":false},"author":1,"featured_media":0,"parent":0,"menu_order":0,"comment_status":"closed","ping_status":"closed","template":"","meta":{"_editorskit_title_hidden":false,"_editorskit_reading_time":0,"_editorskit_is_block_options_detached":false,"_editorskit_block_options_position":"{}","footnotes":""},"folder":[],"class_list":["post-11","page","type-page","status-publish","hentry"],"_links":{"self":[{"href":"https:\/\/ppgcited.cavg.ifsul.edu.br\/index.php\/wp-json\/wp\/v2\/pages\/11","targetHints":{"allow":["GET"]}}],"collection":[{"href":"https:\/\/ppgcited.cavg.ifsul.edu.br\/index.php\/wp-json\/wp\/v2\/pages"}],"about":[{"href":"https:\/\/ppgcited.cavg.ifsul.edu.br\/index.php\/wp-json\/wp\/v2\/types\/page"}],"author":[{"embeddable":true,"href":"https:\/\/ppgcited.cavg.ifsul.edu.br\/index.php\/wp-json\/wp\/v2\/users\/1"}],"replies":[{"embeddable":true,"href":"https:\/\/ppgcited.cavg.ifsul.edu.br\/index.php\/wp-json\/wp\/v2\/comments?post=11"}],"version-history":[{"count":13,"href":"https:\/\/ppgcited.cavg.ifsul.edu.br\/index.php\/wp-json\/wp\/v2\/pages\/11\/revisions"}],"predecessor-version":[{"id":2058,"href":"https:\/\/ppgcited.cavg.ifsul.edu.br\/index.php\/wp-json\/wp\/v2\/pages\/11\/revisions\/2058"}],"wp:attachment":[{"href":"https:\/\/ppgcited.cavg.ifsul.edu.br\/index.php\/wp-json\/wp\/v2\/media?parent=11"}],"wp:term":[{"taxonomy":"folder","embeddable":true,"href":"https:\/\/ppgcited.cavg.ifsul.edu.br\/index.php\/wp-json\/wp\/v2\/folder?post=11"}],"curies":[{"name":"wp","href":"https:\/\/api.w.org\/{rel}","templated":true}]}}