{"id":1158,"date":"2024-04-22T23:27:12","date_gmt":"2024-04-23T02:27:12","guid":{"rendered":"http:\/\/novoppgcited.cavg.ifsul.edu.br\/?page_id=1158"},"modified":"2024-05-03T18:32:57","modified_gmt":"2024-05-03T21:32:57","slug":"luis-echenique","status":"publish","type":"page","link":"https:\/\/ppgcited.cavg.ifsul.edu.br\/index.php\/luis-echenique\/","title":{"rendered":"Luis Echenique"},"content":{"rendered":"\n<p class=\"has-vivid-green-cyan-color has-text-color has-link-color has-large-font-size wp-elements-2810d7084a9a550e25516b99598ad1ad\"><strong>2022<\/strong><\/p>\n\n\n\n<div class=\"wp-block-columns is-layout-flex wp-container-core-columns-is-layout-9d6595d7 wp-block-columns-is-layout-flex\">\n<div class=\"wp-block-column is-layout-flow wp-block-column-is-layout-flow\" style=\"flex-basis:66.66%\">\n<p class=\"has-small-font-size\"><strong>Autor: <\/strong><a href=\"https:\/\/buscatextual.cnpq.br\/buscatextual\/visualizacv.do?metodo=apresentar&amp;id=K8166433Z1\" target=\"_blank\" aria-label=\"Ana Paula Hobuss (opens in a new tab)\" rel=\"noreferrer noopener\" class=\"ek-link\">Ana Paula Hobuss<\/a><\/p>\n\n\n\n<div style=\"height:1px\" aria-hidden=\"true\" class=\"wp-block-spacer\"><\/div>\n\n\n\n<p class=\"has-text-align-justify has-small-font-size\"><strong>T\u00edtulo: <\/strong><span class=\"uppercase\">Sala de aula invertida como proposta pedag\u00f3gica baseada em metodologias ativas na disciplina de Qu\u00edmica do 2\u00ba ano do Ensino M\u00e9dio<\/span><\/p>\n\n\n\n<div style=\"height:1px\" aria-hidden=\"true\" class=\"wp-block-spacer\"><\/div>\n\n\n\n<p class=\"has-small-font-size\"><strong>Orientador: <\/strong>Prof. Dr. Lu\u00eds Alberto Echenique Dominguez<\/p>\n\n\n\n<div style=\"height:1px\" aria-hidden=\"true\" class=\"wp-block-spacer\"><\/div>\n\n\n\n<p class=\"has-small-font-size\"><strong>Coorientador: <\/strong>Prof. Dr. Fernando Augusto Treptow Brod<\/p>\n<\/div>\n\n\n\n<div class=\"wp-block-column is-layout-flow wp-block-column-is-layout-flow\" style=\"flex-basis:33.33%\">\n<div style=\"height:74px\" aria-hidden=\"true\" class=\"wp-block-spacer\"><\/div>\n\n\n\n<div class=\"wp-block-buttons is-content-justification-center is-layout-flex wp-container-core-buttons-is-layout-16018d1d wp-block-buttons-is-layout-flex\">\n<div class=\"wp-block-button has-custom-width wp-block-button__width-100 has-custom-font-size has-small-font-size\"><a class=\"wp-block-button__link has-vivid-green-cyan-background-color has-background wp-element-button\" href=\"https:\/\/ppgcited.cavg.ifsul.edu.br\/wp-content\/uploads\/2024\/04\/ana_hobuss_dissertacao_ppgcited.pdf\" target=\"_blank\" rel=\"noreferrer noopener\">Disserta\u00e7\u00e3o<\/a><\/div>\n<\/div>\n\n\n\n<div style=\"height:36px\" aria-hidden=\"true\" class=\"wp-block-spacer\"><\/div>\n\n\n\n<div class=\"wp-block-buttons is-content-justification-center is-layout-flex wp-container-core-buttons-is-layout-16018d1d wp-block-buttons-is-layout-flex\">\n<div class=\"wp-block-button has-custom-width wp-block-button__width-100 has-custom-font-size has-small-font-size\"><a class=\"wp-block-button__link has-vivid-green-cyan-background-color has-background wp-element-button\" href=\"https:\/\/ppgcited.cavg.ifsul.edu.br\/wp-content\/uploads\/2024\/04\/ana_hobuss_produto_educacional_ppgcited.pdf\">Produto Educacional<\/a><\/div>\n<\/div>\n<\/div>\n<\/div>\n\n\n\n<div style=\"height:33px\" aria-hidden=\"true\" class=\"wp-block-spacer\"><\/div>\n\n\n\n<hr class=\"wp-block-separator has-alpha-channel-opacity\"\/>\n\n\n\n<div style=\"height:33px\" aria-hidden=\"true\" class=\"wp-block-spacer\"><\/div>\n\n\n\n<div class=\"wp-block-columns is-layout-flex wp-container-core-columns-is-layout-9d6595d7 wp-block-columns-is-layout-flex\">\n<div class=\"wp-block-column is-layout-flow wp-block-column-is-layout-flow\" style=\"flex-basis:66.66%\">\n<p class=\"has-small-font-size\"><strong>Autor: <\/strong><a href=\"https:\/\/buscatextual.cnpq.br\/buscatextual\/visualizacv.do?metodo=apresentar&amp;id=K4353311P7\" target=\"_blank\" aria-label=\"D\u00e9bora K\u00f6mmling Treichel (opens in a new tab)\" rel=\"noreferrer noopener\" class=\"ek-link\">D\u00e9bora K\u00f6mmling Treichel<\/a><\/p>\n\n\n\n<div style=\"height:1px\" aria-hidden=\"true\" class=\"wp-block-spacer\"><\/div>\n\n\n\n<p class=\"has-text-align-justify has-small-font-size\"><strong>T\u00edtulo: <\/strong><span class=\"uppercase\">Educa\u00e7\u00e3o Ambiental: Implanta\u00e7\u00e3o da horta escolar e o despertar para mudan\u00e7a de h\u00e1bitos alimentares<\/span><\/p>\n\n\n\n<div style=\"height:1px\" aria-hidden=\"true\" class=\"wp-block-spacer\"><\/div>\n\n\n\n<p class=\"has-small-font-size\"><strong>Orientador: <\/strong>Prof. Dr. Lu\u00eds Alberto Echenique Dominguez<\/p>\n\n\n\n<div style=\"height:1px\" aria-hidden=\"true\" class=\"wp-block-spacer\"><\/div>\n<\/div>\n\n\n\n<div class=\"wp-block-column is-layout-flow wp-block-column-is-layout-flow\" style=\"flex-basis:33.33%\">\n<div style=\"height:57px\" aria-hidden=\"true\" class=\"wp-block-spacer\"><\/div>\n\n\n\n<div class=\"wp-block-buttons is-content-justification-center is-layout-flex wp-container-core-buttons-is-layout-16018d1d wp-block-buttons-is-layout-flex\">\n<div class=\"wp-block-button has-custom-width wp-block-button__width-100 has-custom-font-size has-small-font-size\"><a class=\"wp-block-button__link has-vivid-green-cyan-background-color has-background wp-element-button\" href=\"https:\/\/ppgcited.cavg.ifsul.edu.br\/wp-content\/uploads\/2024\/04\/debora_treichel_dissertacao_ppgcited.pdf\" target=\"_blank\" rel=\"noreferrer noopener\">Disserta\u00e7\u00e3o<\/a><\/div>\n<\/div>\n\n\n\n<div style=\"height:24px\" aria-hidden=\"true\" class=\"wp-block-spacer\"><\/div>\n\n\n\n<div class=\"wp-block-buttons is-content-justification-center is-layout-flex wp-container-core-buttons-is-layout-16018d1d wp-block-buttons-is-layout-flex\">\n<div class=\"wp-block-button has-custom-width wp-block-button__width-100 has-custom-font-size has-small-font-size\"><a class=\"wp-block-button__link has-vivid-green-cyan-background-color has-background wp-element-button\" href=\"https:\/\/ppgcited.cavg.ifsul.edu.br\/wp-content\/uploads\/2024\/04\/debora_treichel_produto_educacional_ppgcited.pdf\" target=\"_blank\" rel=\"noreferrer noopener\">Produto Educacional<\/a><\/div>\n<\/div>\n<\/div>\n<\/div>\n\n\n\n<div style=\"height:50px\" aria-hidden=\"true\" class=\"wp-block-spacer\"><\/div>\n\n\n\n<p class=\"has-vivid-green-cyan-color has-text-color has-link-color has-large-font-size wp-elements-d25eb75b784463740df470844adbf05e\"><strong>2016<\/strong><\/p>\n\n\n\n<div class=\"wp-block-columns is-layout-flex wp-container-core-columns-is-layout-9d6595d7 wp-block-columns-is-layout-flex\">\n<div class=\"wp-block-column is-layout-flow wp-block-column-is-layout-flow\" style=\"flex-basis:66.66%\">\n<p class=\"has-small-font-size\"><strong>Autor: <\/strong><a href=\"https:\/\/buscatextual.cnpq.br\/buscatextual\/visualizacv.do?metodo=apresentar&amp;id=K4495617Z6\" target=\"_blank\" aria-label=\"Carmen Horacina da Silva Carvalho (opens in a new tab)\" rel=\"noreferrer noopener\" class=\"ek-link\">Carmen Horacina da Silva Carvalho<\/a><\/p>\n\n\n\n<div style=\"height:1px\" aria-hidden=\"true\" class=\"wp-block-spacer\"><\/div>\n\n\n\n<p class=\"has-text-align-justify has-small-font-size\"><strong>T\u00edtulo: <\/strong><span class=\"uppercase\">Jogos digitais e o ensino de matem\u00e1tica a partir dos estilos de aprendizagem de Felder<\/span><\/p>\n\n\n\n<div style=\"height:1px\" aria-hidden=\"true\" class=\"wp-block-spacer\"><\/div>\n\n\n\n<p class=\"has-small-font-size\"><strong>Orientador: <\/strong>Prof. Dr. Lu\u00eds Alberto Echenique Dominguez<\/p>\n\n\n\n<div style=\"height:1px\" aria-hidden=\"true\" class=\"wp-block-spacer\"><\/div>\n<\/div>\n\n\n\n<div class=\"wp-block-column is-layout-flow wp-block-column-is-layout-flow\" style=\"flex-basis:33.33%\">\n<div style=\"height:50px\" aria-hidden=\"true\" class=\"wp-block-spacer\"><\/div>\n\n\n\n<div class=\"wp-block-buttons is-content-justification-center is-layout-flex wp-container-core-buttons-is-layout-16018d1d wp-block-buttons-is-layout-flex\">\n<div class=\"wp-block-button has-custom-width wp-block-button__width-100 has-custom-font-size has-small-font-size\"><a class=\"wp-block-button__link has-vivid-green-cyan-background-color has-background wp-element-button\" href=\"https:\/\/ppgcited.cavg.ifsul.edu.br\/wp-content\/uploads\/2024\/04\/carmen_carvalho_dissertacao.pdf\" target=\"_blank\" rel=\"noreferrer noopener\">Disserta\u00e7\u00e3o<\/a><\/div>\n<\/div>\n\n\n\n<div style=\"height:24px\" aria-hidden=\"true\" class=\"wp-block-spacer\"><\/div>\n\n\n\n<div class=\"wp-block-buttons is-content-justification-center is-layout-flex wp-container-core-buttons-is-layout-16018d1d wp-block-buttons-is-layout-flex\">\n<div class=\"wp-block-button has-custom-width wp-block-button__width-100 has-custom-font-size has-small-font-size\"><a class=\"wp-block-button__link has-vivid-green-cyan-background-color has-background wp-element-button\" href=\"https:\/\/ppgcited.cavg.ifsul.edu.br\/wp-content\/uploads\/2024\/04\/carmen_carvalho_produto_educacional.pdf\" target=\"_blank\" rel=\"noreferrer noopener\">Produto Educacional<\/a><\/div>\n<\/div>\n<\/div>\n<\/div>\n","protected":false},"excerpt":{"rendered":"<p>2022 Autor: Ana Paula Hobuss T\u00edtulo: Sala de aula invertida como proposta pedag\u00f3gica baseada em metodologias ativas na disciplina de Qu\u00edmica do 2\u00ba ano do Ensino M\u00e9dio Orientador: Prof. Dr. [&hellip;]<\/p>\n","protected":false},"author":1,"featured_media":0,"parent":0,"menu_order":0,"comment_status":"closed","ping_status":"closed","template":"","meta":{"_editorskit_title_hidden":false,"_editorskit_reading_time":0,"_editorskit_is_block_options_detached":false,"_editorskit_block_options_position":"{}","footnotes":""},"folder":[],"class_list":["post-1158","page","type-page","status-publish","hentry"],"_links":{"self":[{"href":"https:\/\/ppgcited.cavg.ifsul.edu.br\/index.php\/wp-json\/wp\/v2\/pages\/1158","targetHints":{"allow":["GET"]}}],"collection":[{"href":"https:\/\/ppgcited.cavg.ifsul.edu.br\/index.php\/wp-json\/wp\/v2\/pages"}],"about":[{"href":"https:\/\/ppgcited.cavg.ifsul.edu.br\/index.php\/wp-json\/wp\/v2\/types\/page"}],"author":[{"embeddable":true,"href":"https:\/\/ppgcited.cavg.ifsul.edu.br\/index.php\/wp-json\/wp\/v2\/users\/1"}],"replies":[{"embeddable":true,"href":"https:\/\/ppgcited.cavg.ifsul.edu.br\/index.php\/wp-json\/wp\/v2\/comments?post=1158"}],"version-history":[{"count":10,"href":"https:\/\/ppgcited.cavg.ifsul.edu.br\/index.php\/wp-json\/wp\/v2\/pages\/1158\/revisions"}],"predecessor-version":[{"id":1494,"href":"https:\/\/ppgcited.cavg.ifsul.edu.br\/index.php\/wp-json\/wp\/v2\/pages\/1158\/revisions\/1494"}],"wp:attachment":[{"href":"https:\/\/ppgcited.cavg.ifsul.edu.br\/index.php\/wp-json\/wp\/v2\/media?parent=1158"}],"wp:term":[{"taxonomy":"folder","embeddable":true,"href":"https:\/\/ppgcited.cavg.ifsul.edu.br\/index.php\/wp-json\/wp\/v2\/folder?post=1158"}],"curies":[{"name":"wp","href":"https:\/\/api.w.org\/{rel}","templated":true}]}}