{"id":1762,"date":"2024-09-27T15:23:21","date_gmt":"2024-09-27T18:23:21","guid":{"rendered":"https:\/\/ppgcited.cavg.ifsul.edu.br\/?page_id=1762"},"modified":"2024-10-14T14:53:59","modified_gmt":"2024-10-14T17:53:59","slug":"noticias","status":"publish","type":"page","link":"https:\/\/ppgcited.cavg.ifsul.edu.br\/index.php\/noticias\/","title":{"rendered":"Not\u00edcias"},"content":{"rendered":"\n<blockquote class=\"wp-block-quote is-layout-flow wp-block-quote-is-layout-flow\">\n<p><sub><em><strong>Site URI &#8211; 10 de Outubro de 2024<\/strong><\/em><\/sub><\/p>\n\n\n\n<div style=\"height:11px\" aria-hidden=\"true\" class=\"wp-block-spacer\"><\/div>\n\n\n\n<div class=\"wp-block-group is-nowrap is-layout-flex wp-container-core-group-is-layout-ad2f72ca wp-block-group-is-layout-flex\">\n<figure class=\"wp-block-image size-large is-resized\"><img loading=\"lazy\" decoding=\"async\" width=\"1024\" height=\"576\" src=\"https:\/\/ppgcited.cavg.ifsul.edu.br\/wp-content\/uploads\/2024\/10\/DSC8370-2048x1152-1-1024x576.jpg\" alt=\"\" class=\"wp-image-1816\" style=\"width:127px;height:auto\" srcset=\"https:\/\/ppgcited.cavg.ifsul.edu.br\/wp-content\/uploads\/2024\/10\/DSC8370-2048x1152-1-1024x576.jpg 1024w, https:\/\/ppgcited.cavg.ifsul.edu.br\/wp-content\/uploads\/2024\/10\/DSC8370-2048x1152-1-300x169.jpg 300w, https:\/\/ppgcited.cavg.ifsul.edu.br\/wp-content\/uploads\/2024\/10\/DSC8370-2048x1152-1-768x432.jpg 768w, https:\/\/ppgcited.cavg.ifsul.edu.br\/wp-content\/uploads\/2024\/10\/DSC8370-2048x1152-1-1536x864.jpg 1536w, https:\/\/ppgcited.cavg.ifsul.edu.br\/wp-content\/uploads\/2024\/10\/DSC8370-2048x1152-1.jpg 2048w\" sizes=\"auto, (max-width: 1024px) 100vw, 1024px\" \/><\/figure>\n\n\n\n<p><a href=\"https:\/\/san.uri.br\/sites\/site_novo\/?noticias=vi-congresso-internacional-de-educacao-cientifica-e-tecnologica-e-aberto-na-uri-santo-angelo\" target=\"_blank\" rel=\"noreferrer noopener\">VI Congresso Internacional de Educa\u00e7\u00e3o Cient\u00edfica e Tecnol\u00f3gica \u00e9 aberto na URI Santo \u00c2ngelo<\/a><\/p>\n<\/div>\n\n\n\n<p><\/p>\n<\/blockquote>\n\n\n\n<div style=\"height:31px\" aria-hidden=\"true\" class=\"wp-block-spacer\"><\/div>\n\n\n\n<blockquote class=\"wp-block-quote is-layout-flow wp-block-quote-is-layout-flow\">\n<p><sub><em><strong>Site CAVG &#8211; 27 de Setembro de 2024, 08h41<\/strong><\/em><\/sub><\/p>\n\n\n\n<div style=\"height:11px\" aria-hidden=\"true\" class=\"wp-block-spacer\"><\/div>\n\n\n\n<div class=\"wp-block-group is-nowrap is-layout-flex wp-container-core-group-is-layout-ad2f72ca wp-block-group-is-layout-flex\">\n<figure class=\"wp-block-image size-large is-resized\"><img loading=\"lazy\" decoding=\"async\" width=\"1024\" height=\"1024\" src=\"https:\/\/ppgcited.cavg.ifsul.edu.br\/wp-content\/uploads\/2024\/09\/1-1-1024x1024.png\" alt=\"\" class=\"wp-image-1767\" style=\"width:127px;height:auto\" srcset=\"https:\/\/ppgcited.cavg.ifsul.edu.br\/wp-content\/uploads\/2024\/09\/1-1-1024x1024.png 1024w, https:\/\/ppgcited.cavg.ifsul.edu.br\/wp-content\/uploads\/2024\/09\/1-1-300x300.png 300w, https:\/\/ppgcited.cavg.ifsul.edu.br\/wp-content\/uploads\/2024\/09\/1-1-150x150.png 150w, https:\/\/ppgcited.cavg.ifsul.edu.br\/wp-content\/uploads\/2024\/09\/1-1-768x768.png 768w, https:\/\/ppgcited.cavg.ifsul.edu.br\/wp-content\/uploads\/2024\/09\/1-1.png 1080w\" sizes=\"auto, (max-width: 1024px) 100vw, 1024px\" \/><\/figure>\n\n\n\n<p><a href=\"http:\/\/cavg.ifsul.edu.br\/noticias\/1321-ppgcited-realiza-questionario-de-acompanhamento-de-egressos-para-avaliar-impacto-do-curso\"><strong>PPGCITED realiza question\u00e1rio:<\/strong> O&nbsp;Question\u00e1rio de Acompanhamento de Egressos visa avaliar impacto do curso<\/a><\/p>\n<\/div>\n\n\n\n<p><\/p>\n<\/blockquote>\n\n\n\n<div style=\"height:31px\" aria-hidden=\"true\" class=\"wp-block-spacer\"><\/div>\n\n\n\n<blockquote class=\"wp-block-quote is-layout-flow wp-block-quote-is-layout-flow\">\n<p><sub><em><strong>Site CAVG &#8211; Segunda, 09 de Setembro de 2024, 14h41<\/strong><\/em><\/sub><\/p>\n\n\n\n<div style=\"height:11px\" aria-hidden=\"true\" class=\"wp-block-spacer\"><\/div>\n\n\n\n<div class=\"wp-block-group is-nowrap is-layout-flex wp-container-core-group-is-layout-ad2f72ca wp-block-group-is-layout-flex\">\n<figure class=\"wp-block-image size-full is-resized\"><img loading=\"lazy\" decoding=\"async\" width=\"230\" height=\"136\" src=\"https:\/\/ppgcited.cavg.ifsul.edu.br\/wp-content\/uploads\/2024\/09\/tags-noticias_ps.jpg\" alt=\"\" class=\"wp-image-1772\" style=\"width:127px;height:auto\"\/><\/figure>\n\n\n\n<p><a href=\"http:\/\/cavg.ifsul.edu.br\/noticias\/1316-edital-n-08-2024-mestrado\"><strong>Edital n\u00ba 08\/2024 &#8211; Mestrado: <\/strong>A Dire\u00e7\u00e3o Geral do C\u00e2mpus Pelotas &#8211; Visconde da Gra\u00e7a e a Coordena\u00e7\u00e3o do Programa de P\u00f3s-gradua\u00e7\u00e3o em Ci\u00eancias e Tecnologias na Educa\u00e7\u00e3o tornam p\u00fablica a abertura das\u2026<\/a><\/p>\n<\/div>\n\n\n\n<p><\/p>\n<\/blockquote>\n\n\n\n<div style=\"height:31px\" aria-hidden=\"true\" class=\"wp-block-spacer\"><\/div>\n\n\n\n<blockquote class=\"wp-block-quote is-layout-flow wp-block-quote-is-layout-flow\">\n<p><sub><em><strong>Site CAVG &#8211; Ter\u00e7a, 20 de Agosto de 2024, 08h39<\/strong><\/em><\/sub><\/p>\n\n\n\n<div style=\"height:11px\" aria-hidden=\"true\" class=\"wp-block-spacer\"><\/div>\n\n\n\n<div class=\"wp-block-group is-nowrap is-layout-flex wp-container-core-group-is-layout-ad2f72ca wp-block-group-is-layout-flex\">\n<figure class=\"wp-block-image size-full is-resized\"><img loading=\"lazy\" decoding=\"async\" width=\"1200\" height=\"900\" src=\"https:\/\/ppgcited.cavg.ifsul.edu.br\/wp-content\/uploads\/2024\/09\/WhatsApp_Image_2024-08-20_at_082316.jpeg\" alt=\"\" class=\"wp-image-1775\" style=\"width:127px;height:auto\" srcset=\"https:\/\/ppgcited.cavg.ifsul.edu.br\/wp-content\/uploads\/2024\/09\/WhatsApp_Image_2024-08-20_at_082316.jpeg 1200w, https:\/\/ppgcited.cavg.ifsul.edu.br\/wp-content\/uploads\/2024\/09\/WhatsApp_Image_2024-08-20_at_082316-300x225.jpeg 300w, https:\/\/ppgcited.cavg.ifsul.edu.br\/wp-content\/uploads\/2024\/09\/WhatsApp_Image_2024-08-20_at_082316-1024x768.jpeg 1024w, https:\/\/ppgcited.cavg.ifsul.edu.br\/wp-content\/uploads\/2024\/09\/WhatsApp_Image_2024-08-20_at_082316-768x576.jpeg 768w\" sizes=\"auto, (max-width: 1200px) 100vw, 1200px\" \/><\/figure>\n\n\n\n<p><a href=\"http:\/\/cavg.ifsul.edu.br\/noticias\/1307-programa-de-pos-graduacao-em-ciencias-e-tecnologias-na-educacao-completa-10-anos\">Programa de P\u00f3s-gradua\u00e7\u00e3o em Ci\u00eancias e Tecnologias na Educa\u00e7\u00e3o completa 10 anos: Na \u00faltima sexta-feira (16) ocorreu a comemora\u00e7\u00e3o<\/a><\/p>\n<\/div>\n\n\n\n<p><\/p>\n<\/blockquote>\n","protected":false},"excerpt":{"rendered":"","protected":false},"author":1,"featured_media":0,"parent":0,"menu_order":0,"comment_status":"closed","ping_status":"closed","template":"","meta":{"_editorskit_title_hidden":false,"_editorskit_reading_time":0,"_editorskit_is_block_options_detached":false,"_editorskit_block_options_position":"{}","footnotes":""},"folder":[],"class_list":["post-1762","page","type-page","status-publish","hentry"],"_links":{"self":[{"href":"https:\/\/ppgcited.cavg.ifsul.edu.br\/index.php\/wp-json\/wp\/v2\/pages\/1762","targetHints":{"allow":["GET"]}}],"collection":[{"href":"https:\/\/ppgcited.cavg.ifsul.edu.br\/index.php\/wp-json\/wp\/v2\/pages"}],"about":[{"href":"https:\/\/ppgcited.cavg.ifsul.edu.br\/index.php\/wp-json\/wp\/v2\/types\/page"}],"author":[{"embeddable":true,"href":"https:\/\/ppgcited.cavg.ifsul.edu.br\/index.php\/wp-json\/wp\/v2\/users\/1"}],"replies":[{"embeddable":true,"href":"https:\/\/ppgcited.cavg.ifsul.edu.br\/index.php\/wp-json\/wp\/v2\/comments?post=1762"}],"version-history":[{"count":11,"href":"https:\/\/ppgcited.cavg.ifsul.edu.br\/index.php\/wp-json\/wp\/v2\/pages\/1762\/revisions"}],"predecessor-version":[{"id":1817,"href":"https:\/\/ppgcited.cavg.ifsul.edu.br\/index.php\/wp-json\/wp\/v2\/pages\/1762\/revisions\/1817"}],"wp:attachment":[{"href":"https:\/\/ppgcited.cavg.ifsul.edu.br\/index.php\/wp-json\/wp\/v2\/media?parent=1762"}],"wp:term":[{"taxonomy":"folder","embeddable":true,"href":"https:\/\/ppgcited.cavg.ifsul.edu.br\/index.php\/wp-json\/wp\/v2\/folder?post=1762"}],"curies":[{"name":"wp","href":"https:\/\/api.w.org\/{rel}","templated":true}]}}