{"id":1894,"date":"2024-11-21T17:27:30","date_gmt":"2024-11-21T20:27:30","guid":{"rendered":"https:\/\/ppgcited.cavg.ifsul.edu.br\/?page_id=1894"},"modified":"2024-11-21T17:35:07","modified_gmt":"2024-11-21T20:35:07","slug":"planejamento-estrategico","status":"publish","type":"page","link":"https:\/\/ppgcited.cavg.ifsul.edu.br\/index.php\/planejamento-estrategico\/","title":{"rendered":"Planejamento Estrat\u00e9gico"},"content":{"rendered":"\n<p class=\"has-text-align-justify\">O planejamento estrat\u00e9gico \u00e9 uma ferramenta essencial para direcionar as a\u00e7\u00f5es e metas de uma organiza\u00e7\u00e3o ou programa. No contexto do PPGCITED, ele serve como um guia para alinhar as iniciativas \u00e0s exig\u00eancias institucionais e acad\u00eamicas, promovendo a melhoria cont\u00ednua e o alcance dos objetivos estrat\u00e9gicos para o per\u00edodo de 2024 a 2026.<\/p>\n\n\n<p class=\"has-text-align-justify\">Sua import\u00e2ncia est\u00e1 em estruturar as decis\u00f5es e a\u00e7\u00f5es do programa, garantindo que estas estejam voltadas para o fortalecimento de suas atividades acad\u00eamicas, de pesquisa e extens\u00e3o. Al\u00e9m disso, o planejamento estrat\u00e9gico busca preparar o PPGCITED para avalia\u00e7\u00f5es como a quadrienal da CAPES, assegurando a excel\u00eancia nos resultados e o impacto positivo na sociedade.<\/p>\n\n\n<p class=\"has-text-align-justify\">O documento reflete um compromisso com a forma\u00e7\u00e3o de profissionais qualificados, o uso eficiente de recursos e a promo\u00e7\u00e3o de uma educa\u00e7\u00e3o de qualidade, fundamentada em valores como \u00e9tica, inclus\u00e3o e inova\u00e7\u00e3o tecnol\u00f3gica.<\/p>\n\n\n\n<p><a href=\"https:\/\/ppgcited.cavg.ifsul.edu.br\/wp-content\/uploads\/2024\/11\/PLANEJAMENTO-ESTRATEGICO-DO-PROGRAMA-DE-POS-GRADUACAO-EM-CIENCIAS-E-TECNOLOGIAS-NA-EDUCACAO-PPGCITED-3.pdf\" target=\"_blank\" rel=\"noreferrer noopener\">Planejamento Estrat\u00e9gico 2024-2026<\/a><\/p>\n\n\n\n<p><\/p>\n","protected":false},"excerpt":{"rendered":"<p>O planejamento estrat\u00e9gico \u00e9 uma ferramenta essencial para direcionar as a\u00e7\u00f5es e metas de uma organiza\u00e7\u00e3o ou programa. No contexto do PPGCITED, ele serve como um guia para alinhar as [&hellip;]<\/p>\n","protected":false},"author":1,"featured_media":0,"parent":0,"menu_order":0,"comment_status":"closed","ping_status":"closed","template":"","meta":{"_editorskit_title_hidden":false,"_editorskit_reading_time":0,"_editorskit_is_block_options_detached":false,"_editorskit_block_options_position":"{}","footnotes":""},"folder":[],"class_list":["post-1894","page","type-page","status-publish","hentry"],"_links":{"self":[{"href":"https:\/\/ppgcited.cavg.ifsul.edu.br\/index.php\/wp-json\/wp\/v2\/pages\/1894","targetHints":{"allow":["GET"]}}],"collection":[{"href":"https:\/\/ppgcited.cavg.ifsul.edu.br\/index.php\/wp-json\/wp\/v2\/pages"}],"about":[{"href":"https:\/\/ppgcited.cavg.ifsul.edu.br\/index.php\/wp-json\/wp\/v2\/types\/page"}],"author":[{"embeddable":true,"href":"https:\/\/ppgcited.cavg.ifsul.edu.br\/index.php\/wp-json\/wp\/v2\/users\/1"}],"replies":[{"embeddable":true,"href":"https:\/\/ppgcited.cavg.ifsul.edu.br\/index.php\/wp-json\/wp\/v2\/comments?post=1894"}],"version-history":[{"count":6,"href":"https:\/\/ppgcited.cavg.ifsul.edu.br\/index.php\/wp-json\/wp\/v2\/pages\/1894\/revisions"}],"predecessor-version":[{"id":1903,"href":"https:\/\/ppgcited.cavg.ifsul.edu.br\/index.php\/wp-json\/wp\/v2\/pages\/1894\/revisions\/1903"}],"wp:attachment":[{"href":"https:\/\/ppgcited.cavg.ifsul.edu.br\/index.php\/wp-json\/wp\/v2\/media?parent=1894"}],"wp:term":[{"taxonomy":"folder","embeddable":true,"href":"https:\/\/ppgcited.cavg.ifsul.edu.br\/index.php\/wp-json\/wp\/v2\/folder?post=1894"}],"curies":[{"name":"wp","href":"https:\/\/api.w.org\/{rel}","templated":true}]}}