{"id":1919,"date":"2024-12-16T00:01:14","date_gmt":"2024-12-16T03:01:14","guid":{"rendered":"https:\/\/ppgcited.cavg.ifsul.edu.br\/?page_id=1919"},"modified":"2024-12-16T00:28:44","modified_gmt":"2024-12-16T03:28:44","slug":"relatorio-de-acompanhamento-de-egressos","status":"publish","type":"page","link":"https:\/\/ppgcited.cavg.ifsul.edu.br\/index.php\/relatorio-de-acompanhamento-de-egressos\/","title":{"rendered":"Relat\u00f3rio de Egressos"},"content":{"rendered":"\n<p class=\"has-tablet-text-align-justify\">O Programa de P\u00f3s-gradua\u00e7\u00e3o em Ci\u00eancias e Tecnologias na Educa\u00e7\u00e3o (PPGCITED) teve suas atividades iniciadas no ano 2014. A partir da Portaria de Pessoal IFSul N\u00ba 1036, de 17 de junho de 2024, ficou estabelecida comiss\u00e3o de autoavalia\u00e7\u00e3o do programa que, entre suas atividades, conduziu o processo de acompanhamento de egressos por meio de um question\u00e1rio disponibilizado na plataforma Google Forms. Entre os dias 26 de setembro de 2024 e 24 de outubro de 2024, foram identificados e contactados 102 estudantes. Destes, 78 responderam ao question\u00e1rio e, a partir das respostas obtidas, constru\u00edmos o relat\u00f3rio.<\/p>\n\n\n\n<p><a href=\"https:\/\/ppgcited.cavg.ifsul.edu.br\/wp-content\/uploads\/2024\/12\/Relatorio-de-Acompanhamento-de-Egressos-2024-1.pdf\" target=\"_blank\" rel=\"noreferrer noopener\">Relat\u00f3rio de Acompanhamento de Egressos<\/a><\/p>\n\n\n\n<p><\/p>\n","protected":false},"excerpt":{"rendered":"<p>O Programa de P\u00f3s-gradua\u00e7\u00e3o em Ci\u00eancias e Tecnologias na Educa\u00e7\u00e3o (PPGCITED) teve suas atividades iniciadas no ano 2014. A partir da Portaria de Pessoal IFSul N\u00ba 1036, de 17 de [&hellip;]<\/p>\n","protected":false},"author":1,"featured_media":0,"parent":0,"menu_order":0,"comment_status":"closed","ping_status":"closed","template":"","meta":{"_editorskit_title_hidden":false,"_editorskit_reading_time":0,"_editorskit_is_block_options_detached":false,"_editorskit_block_options_position":"{}","footnotes":""},"folder":[],"class_list":["post-1919","page","type-page","status-publish","hentry"],"_links":{"self":[{"href":"https:\/\/ppgcited.cavg.ifsul.edu.br\/index.php\/wp-json\/wp\/v2\/pages\/1919","targetHints":{"allow":["GET"]}}],"collection":[{"href":"https:\/\/ppgcited.cavg.ifsul.edu.br\/index.php\/wp-json\/wp\/v2\/pages"}],"about":[{"href":"https:\/\/ppgcited.cavg.ifsul.edu.br\/index.php\/wp-json\/wp\/v2\/types\/page"}],"author":[{"embeddable":true,"href":"https:\/\/ppgcited.cavg.ifsul.edu.br\/index.php\/wp-json\/wp\/v2\/users\/1"}],"replies":[{"embeddable":true,"href":"https:\/\/ppgcited.cavg.ifsul.edu.br\/index.php\/wp-json\/wp\/v2\/comments?post=1919"}],"version-history":[{"count":4,"href":"https:\/\/ppgcited.cavg.ifsul.edu.br\/index.php\/wp-json\/wp\/v2\/pages\/1919\/revisions"}],"predecessor-version":[{"id":1927,"href":"https:\/\/ppgcited.cavg.ifsul.edu.br\/index.php\/wp-json\/wp\/v2\/pages\/1919\/revisions\/1927"}],"wp:attachment":[{"href":"https:\/\/ppgcited.cavg.ifsul.edu.br\/index.php\/wp-json\/wp\/v2\/media?parent=1919"}],"wp:term":[{"taxonomy":"folder","embeddable":true,"href":"https:\/\/ppgcited.cavg.ifsul.edu.br\/index.php\/wp-json\/wp\/v2\/folder?post=1919"}],"curies":[{"name":"wp","href":"https:\/\/api.w.org\/{rel}","templated":true}]}}