{"id":1995,"date":"2025-02-07T01:06:40","date_gmt":"2025-02-07T04:06:40","guid":{"rendered":"https:\/\/ppgcited.cavg.ifsul.edu.br\/?page_id=1995"},"modified":"2026-03-06T00:04:04","modified_gmt":"2026-03-06T03:04:04","slug":"espaco-discente","status":"publish","type":"page","link":"https:\/\/ppgcited.cavg.ifsul.edu.br\/index.php\/espaco-discente\/","title":{"rendered":"Espa\u00e7o Discente"},"content":{"rendered":"\n<h2 class=\"wp-block-heading\"><mark style=\"background-color:rgba(0, 0, 0, 0)\" class=\"has-inline-color has-vivid-green-cyan-color\">Hor\u00e1rios<\/mark><\/h2>\n\n\n\n<ul class=\"wp-block-list\">\n<li><a href=\"https:\/\/ppgcited.cavg.ifsul.edu.br\/wp-content\/uploads\/2026\/03\/Hora\u0301rio-20261.pdf\" target=\"_blank\" rel=\"noreferrer noopener\">Hor\u00e1rios e Salas 2026\/1 &#8211; CAVG\/Pelotas<\/a><\/li>\n<\/ul>\n\n\n\n<div style=\"height:20px\" aria-hidden=\"true\" class=\"wp-block-spacer\"><\/div>\n\n\n\n<h2 class=\"wp-block-heading\"><mark style=\"background-color:rgba(0, 0, 0, 0)\" class=\"has-inline-color has-vivid-green-cyan-color\">Calend\u00e1rio<\/mark><\/h2>\n\n\n\n<ul class=\"wp-block-list\">\n<li><a href=\"https:\/\/ppgcited.cavg.ifsul.edu.br\/wp-content\/uploads\/2026\/03\/Calenda\u0301rio-PPGCITED-2026.xlsx-Calenda\u0301rio_2026.pdf\" target=\"_blank\" rel=\"noreferrer noopener\">Calend\u00e1rio 2026<\/a><\/li>\n<\/ul>\n\n\n\n<div style=\"height:20px\" aria-hidden=\"true\" class=\"wp-block-spacer\"><\/div>\n\n\n\n<h2 class=\"wp-block-heading\"><mark style=\"background-color:rgba(0, 0, 0, 0)\" class=\"has-inline-color has-vivid-green-cyan-color\">Documentos <\/mark><\/h2>\n\n\n\n<p><a aria-label=\" (opens in a new tab)\" class=\"ek-link\" href=\"https:\/\/ppgcited.cavg.ifsul.edu.br\/wp-content\/uploads\/2024\/04\/formulario_aproveitamento_creditos.docx\" target=\"_blank\" rel=\"noreferrer noopener\">Aproveitamento de Cr\u00e9ditos<\/a><\/p>\n\n\n\n<p><a href=\"https:\/\/ppgcited.cavg.ifsul.edu.br\/wp-content\/uploads\/2025\/03\/2025_1-formulario_aproveitamento_DISCIPLINAS.docx\" target=\"_blank\" rel=\"noreferrer noopener\">Aproveitamento de Disciplinas<\/a><\/p>\n\n\n\n<p><a aria-label=\" (opens in a new tab)\" class=\"ek-link\" href=\"https:\/\/ppgcited.cavg.ifsul.edu.br\/wp-content\/uploads\/2024\/04\/formulario_cancelamento_disciplinas.docx\" target=\"_blank\" rel=\"noreferrer noopener\">Cancelamento de Disciplinas<\/a> (<em>Conforme o regulamento, essa solicita\u00e7\u00e3o dever\u00e1 ser efetuada conforme o calend\u00e1rio do curso.<\/em>)<\/p>\n\n\n\n<p><a aria-label=\" (opens in a new tab)\" class=\"ek-link\" href=\"https:\/\/ppgcited.cavg.ifsul.edu.br\/wp-content\/uploads\/2024\/04\/formulario-trancamento-matricula.docx\" target=\"_blank\" rel=\"noreferrer noopener\">Trancamento de Matr\u00edcula<\/a><\/p>\n\n\n\n<div style=\"height:20px\" aria-hidden=\"true\" class=\"wp-block-spacer\"><\/div>\n\n\n\n<h3 class=\"wp-block-heading\"><mark style=\"background-color:rgba(0, 0, 0, 0)\" class=\"has-inline-color has-vivid-green-cyan-color\">Disserta\u00e7\u00e3o, Produto Educacional e Banca<\/mark><\/h3>\n\n\n\n<ul class=\"wp-block-list\">\n<li><a aria-label=\" (opens in a new tab)\" class=\"ek-link\" href=\"https:\/\/ppgcited.cavg.ifsul.edu.br\/wp-content\/uploads\/2024\/04\/estrutura-minima.pdf\" target=\"_blank\" rel=\"noreferrer noopener\">Estrutura m\u00ednima sugerida para Qualifica\u00e7\u00e3o, Disserta\u00e7\u00e3o e Produto Educacional<\/a><\/li>\n<\/ul>\n\n\n\n<p><strong>Modelos:<\/strong><\/p>\n\n\n\n<ul class=\"wp-block-list\">\n<li><a href=\"https:\/\/ppgcited.cavg.ifsul.edu.br\/wp-content\/uploads\/2025\/04\/MODELO-QUALIFICAO-2025.doc\" target=\"_blank\" rel=\"noreferrer noopener\">Qualifica\u00e7\u00e3o<\/a><\/li>\n\n\n\n<li><a href=\"https:\/\/ppgcited.cavg.ifsul.edu.br\/wp-content\/uploads\/2025\/04\/MODELO-DISSERTACAO-2025.docx\" target=\"_blank\" rel=\"noreferrer noopener\">Disserta\u00e7\u00e3o<\/a><\/li>\n<\/ul>\n\n\n\n<p><\/p>\n\n\n\n<p><strong>Termos:<\/strong><\/p>\n\n\n\n<ul class=\"wp-block-list\">\n<li><a href=\"https:\/\/ppgcited.cavg.ifsul.edu.br\/wp-content\/uploads\/2025\/04\/CARTA-DE-AUTORIZACAO-DO-ESTABELECIMENTO-DE-ENSINO.docx\" target=\"_blank\" rel=\"noreferrer noopener\">Autoriza\u00e7\u00e3o do Estabelecimento de Ensino<\/a><\/li>\n\n\n\n<li><a href=\"https:\/\/ppgcited.cavg.ifsul.edu.br\/wp-content\/uploads\/2025\/04\/TCLE_-Responsaveis.docx\" target=\"_blank\" rel=\"noreferrer noopener\">TCLE &#8211; Pais e Respons\u00e1veis<\/a><\/li>\n\n\n\n<li><a href=\"https:\/\/ppgcited.cavg.ifsul.edu.br\/wp-content\/uploads\/2025\/04\/TCLE_-Maior-de-Idade.docx\" target=\"_blank\" rel=\"noreferrer noopener\">TCLE &#8211; Maior de Idade<\/a><\/li>\n\n\n\n<li><a href=\"https:\/\/ppgcited.cavg.ifsul.edu.br\/wp-content\/uploads\/2025\/04\/Termo-de-Assentimento-Livre-e-Esclarecido-TALE.docx\" target=\"_blank\" rel=\"noreferrer noopener\">Termo de Assentimento Livre e Esclarecido &#8211; TALE (Menor de Idade)<\/a><\/li>\n<\/ul>\n\n\n\n<p><\/p>\n","protected":false},"excerpt":{"rendered":"<p>Hor\u00e1rios Calend\u00e1rio Documentos Aproveitamento de Cr\u00e9ditos Aproveitamento de Disciplinas Cancelamento de Disciplinas (Conforme o regulamento, essa solicita\u00e7\u00e3o dever\u00e1 ser efetuada conforme o calend\u00e1rio do curso.) Trancamento de Matr\u00edcula Disserta\u00e7\u00e3o, Produto [&hellip;]<\/p>\n","protected":false},"author":1,"featured_media":0,"parent":0,"menu_order":0,"comment_status":"closed","ping_status":"closed","template":"","meta":{"_editorskit_title_hidden":false,"_editorskit_reading_time":0,"_editorskit_is_block_options_detached":false,"_editorskit_block_options_position":"{}","footnotes":""},"folder":[],"class_list":["post-1995","page","type-page","status-publish","hentry"],"_links":{"self":[{"href":"https:\/\/ppgcited.cavg.ifsul.edu.br\/index.php\/wp-json\/wp\/v2\/pages\/1995","targetHints":{"allow":["GET"]}}],"collection":[{"href":"https:\/\/ppgcited.cavg.ifsul.edu.br\/index.php\/wp-json\/wp\/v2\/pages"}],"about":[{"href":"https:\/\/ppgcited.cavg.ifsul.edu.br\/index.php\/wp-json\/wp\/v2\/types\/page"}],"author":[{"embeddable":true,"href":"https:\/\/ppgcited.cavg.ifsul.edu.br\/index.php\/wp-json\/wp\/v2\/users\/1"}],"replies":[{"embeddable":true,"href":"https:\/\/ppgcited.cavg.ifsul.edu.br\/index.php\/wp-json\/wp\/v2\/comments?post=1995"}],"version-history":[{"count":14,"href":"https:\/\/ppgcited.cavg.ifsul.edu.br\/index.php\/wp-json\/wp\/v2\/pages\/1995\/revisions"}],"predecessor-version":[{"id":2584,"href":"https:\/\/ppgcited.cavg.ifsul.edu.br\/index.php\/wp-json\/wp\/v2\/pages\/1995\/revisions\/2584"}],"wp:attachment":[{"href":"https:\/\/ppgcited.cavg.ifsul.edu.br\/index.php\/wp-json\/wp\/v2\/media?parent=1995"}],"wp:term":[{"taxonomy":"folder","embeddable":true,"href":"https:\/\/ppgcited.cavg.ifsul.edu.br\/index.php\/wp-json\/wp\/v2\/folder?post=1995"}],"curies":[{"name":"wp","href":"https:\/\/api.w.org\/{rel}","templated":true}]}}