{"id":239,"date":"2024-04-16T21:20:36","date_gmt":"2024-04-17T00:20:36","guid":{"rendered":"http:\/\/novoppgcited.cavg.ifsul.edu.br\/?page_id=239"},"modified":"2025-12-23T10:56:03","modified_gmt":"2025-12-23T13:56:03","slug":"colegiado","status":"publish","type":"page","link":"https:\/\/ppgcited.cavg.ifsul.edu.br\/index.php\/colegiado\/","title":{"rendered":"Colegiado"},"content":{"rendered":"\n<figure class=\"wp-block-pullquote has-text-align-left\"><blockquote><p><br><strong>Coordenadora Geral<\/strong>: Maykon Gon\u00e7alves Muller <br><br><strong>Coordenador Adjunto<\/strong>: Nelson Luiz Reyes Marques<br><br><strong>Representantes dos Docentes<\/strong>: <br>Anubis Graciela de Moraes Rossetto<br>Cristiano da Silva Buss<br>Fernando Augusto Treptow Brod <br>Maria Isabel Giusti Moreira<br>Jucelino Cortez<br><br><br><strong>Representante dos T\u00e9cnico-administrativos em Educa\u00e7\u00e3o<\/strong>: Roni Bach Pereira<br><br><strong>Representante dos Discentes<\/strong>: <br>Cristiane Silveira dos Santos<br>Marco Aur\u00e9lio Farias da Silva<\/p><\/blockquote><\/figure>\n","protected":false},"excerpt":{"rendered":"<p>Coordenadora Geral: Maykon Gon\u00e7alves Muller Coordenador Adjunto: Nelson Luiz Reyes Marques Representantes dos Docentes: Anubis Graciela de Moraes RossettoCristiano da Silva BussFernando Augusto Treptow Brod Maria Isabel Giusti MoreiraJucelino Cortez [&hellip;]<\/p>\n","protected":false},"author":1,"featured_media":0,"parent":0,"menu_order":0,"comment_status":"closed","ping_status":"closed","template":"","meta":{"_editorskit_title_hidden":false,"_editorskit_reading_time":0,"_editorskit_is_block_options_detached":false,"_editorskit_block_options_position":"{}","footnotes":""},"folder":[],"class_list":["post-239","page","type-page","status-publish","hentry"],"_links":{"self":[{"href":"https:\/\/ppgcited.cavg.ifsul.edu.br\/index.php\/wp-json\/wp\/v2\/pages\/239","targetHints":{"allow":["GET"]}}],"collection":[{"href":"https:\/\/ppgcited.cavg.ifsul.edu.br\/index.php\/wp-json\/wp\/v2\/pages"}],"about":[{"href":"https:\/\/ppgcited.cavg.ifsul.edu.br\/index.php\/wp-json\/wp\/v2\/types\/page"}],"author":[{"embeddable":true,"href":"https:\/\/ppgcited.cavg.ifsul.edu.br\/index.php\/wp-json\/wp\/v2\/users\/1"}],"replies":[{"embeddable":true,"href":"https:\/\/ppgcited.cavg.ifsul.edu.br\/index.php\/wp-json\/wp\/v2\/comments?post=239"}],"version-history":[{"count":6,"href":"https:\/\/ppgcited.cavg.ifsul.edu.br\/index.php\/wp-json\/wp\/v2\/pages\/239\/revisions"}],"predecessor-version":[{"id":2505,"href":"https:\/\/ppgcited.cavg.ifsul.edu.br\/index.php\/wp-json\/wp\/v2\/pages\/239\/revisions\/2505"}],"wp:attachment":[{"href":"https:\/\/ppgcited.cavg.ifsul.edu.br\/index.php\/wp-json\/wp\/v2\/media?parent=239"}],"wp:term":[{"taxonomy":"folder","embeddable":true,"href":"https:\/\/ppgcited.cavg.ifsul.edu.br\/index.php\/wp-json\/wp\/v2\/folder?post=239"}],"curies":[{"name":"wp","href":"https:\/\/api.w.org\/{rel}","templated":true}]}}