{"id":300,"date":"2024-04-16T22:44:19","date_gmt":"2024-04-17T01:44:19","guid":{"rendered":"http:\/\/novoppgcited.cavg.ifsul.edu.br\/?page_id=300"},"modified":"2024-04-21T23:19:00","modified_gmt":"2024-04-22T02:19:00","slug":"ensino-e-aprendizagem-em-ciencias-e-matematica","status":"publish","type":"page","link":"https:\/\/ppgcited.cavg.ifsul.edu.br\/index.php\/ensino-e-aprendizagem-em-ciencias-e-matematica\/","title":{"rendered":"Ensino e Aprendizagem em Ci\u00eancias e Matem\u00e1tica"},"content":{"rendered":"\n<p class=\"has-text-align-justify has-small-font-size\">Desenvolve investiga\u00e7\u00f5es de cunho interdisciplinar sobre a organiza\u00e7\u00e3o e inova\u00e7\u00e3o no ensino de Ci\u00eancias e Matem\u00e1tica e suas repercuss\u00f5es no curr\u00edculo escolar da Educa\u00e7\u00e3o Infantil e do Ensinos Fundamental, M\u00e9dio e Superior, objetivando a melhoria do processo de ensino e de aprendizagem. Entre as abordagens metodol\u00f3gicas para o ensino de Ci\u00eancias e Matem\u00e1tica, destacam-se o uso de jogos e materiais instrucionais, metodologias ativas e o emprego de softwares espec\u00edficos para a \u00e1rea. No \u00e2mbito desses estudos, aprofunda aspectos te\u00f3ricos dessas abordagens metodol\u00f3gicas, para que seu uso seja ancorado em pesquisas recentes da \u00e1rea de Ensino de Ci\u00eancias e Matem\u00e1tica e nos processos de&nbsp;divulga\u00e7\u00e3o da Ci\u00eancia.<\/p>\n\n\n\n<figure class=\"wp-block-table caption-align-default has-small-font-size\"><table><tbody><tr><td class=\"has-text-align-center\" data-align=\"center\"><strong>Orientadores do Campus CaVG<\/strong><\/td><td class=\"has-text-align-center\" data-align=\"center\"><strong>Orientadores do Campus&nbsp;Passo Fundo<\/strong><\/td><\/tr><tr><td class=\"has-text-align-center\" data-align=\"center\">Angelita Hentges<br>Cristiano da Silva Buss<br>Fabricio Lu\u00eds Lovato<br>Marcos Andr\u00e9 Betemps Vaz da Silva<br>Maykon Gon\u00e7alves M\u00fcller<br>Nelson Luis Reyes Marques<br>Vin\u00edcius Carvalho Beck<\/td><td class=\"has-text-align-center\" data-align=\"center\">Jucelino Cortez<br>Lucas Vanini<\/td><\/tr><\/tbody><\/table><\/figure>\n\n\n\n<p><\/p>\n","protected":false},"excerpt":{"rendered":"<p>Desenvolve investiga\u00e7\u00f5es de cunho interdisciplinar sobre a organiza\u00e7\u00e3o e inova\u00e7\u00e3o no ensino de Ci\u00eancias e Matem\u00e1tica e suas repercuss\u00f5es no curr\u00edculo escolar da Educa\u00e7\u00e3o Infantil e do Ensinos Fundamental, M\u00e9dio [&hellip;]<\/p>\n","protected":false},"author":1,"featured_media":0,"parent":0,"menu_order":0,"comment_status":"closed","ping_status":"closed","template":"","meta":{"_editorskit_title_hidden":false,"_editorskit_reading_time":0,"_editorskit_is_block_options_detached":false,"_editorskit_block_options_position":"{}","footnotes":""},"folder":[],"class_list":["post-300","page","type-page","status-publish","hentry"],"_links":{"self":[{"href":"https:\/\/ppgcited.cavg.ifsul.edu.br\/index.php\/wp-json\/wp\/v2\/pages\/300","targetHints":{"allow":["GET"]}}],"collection":[{"href":"https:\/\/ppgcited.cavg.ifsul.edu.br\/index.php\/wp-json\/wp\/v2\/pages"}],"about":[{"href":"https:\/\/ppgcited.cavg.ifsul.edu.br\/index.php\/wp-json\/wp\/v2\/types\/page"}],"author":[{"embeddable":true,"href":"https:\/\/ppgcited.cavg.ifsul.edu.br\/index.php\/wp-json\/wp\/v2\/users\/1"}],"replies":[{"embeddable":true,"href":"https:\/\/ppgcited.cavg.ifsul.edu.br\/index.php\/wp-json\/wp\/v2\/comments?post=300"}],"version-history":[{"count":2,"href":"https:\/\/ppgcited.cavg.ifsul.edu.br\/index.php\/wp-json\/wp\/v2\/pages\/300\/revisions"}],"predecessor-version":[{"id":917,"href":"https:\/\/ppgcited.cavg.ifsul.edu.br\/index.php\/wp-json\/wp\/v2\/pages\/300\/revisions\/917"}],"wp:attachment":[{"href":"https:\/\/ppgcited.cavg.ifsul.edu.br\/index.php\/wp-json\/wp\/v2\/media?parent=300"}],"wp:term":[{"taxonomy":"folder","embeddable":true,"href":"https:\/\/ppgcited.cavg.ifsul.edu.br\/index.php\/wp-json\/wp\/v2\/folder?post=300"}],"curies":[{"name":"wp","href":"https:\/\/api.w.org\/{rel}","templated":true}]}}