{"id":306,"date":"2024-04-16T22:46:52","date_gmt":"2024-04-17T01:46:52","guid":{"rendered":"http:\/\/novoppgcited.cavg.ifsul.edu.br\/?page_id=306"},"modified":"2024-04-21T23:19:21","modified_gmt":"2024-04-22T02:19:21","slug":"tecnologias-na-educacao","status":"publish","type":"page","link":"https:\/\/ppgcited.cavg.ifsul.edu.br\/index.php\/tecnologias-na-educacao\/","title":{"rendered":"Tecnologias na Educa\u00e7\u00e3o"},"content":{"rendered":"\n<p class=\"has-text-align-justify has-small-font-size\">Investiga as contribui\u00e7\u00f5es das tecnologias mediadas por metodologias no processo de ensino e de aprendizagem, relativas tanto ao suporte aos procedimentos estabelecidos, quanto \u00e0 concep\u00e7\u00e3o de processos inovadores, visando \u00e0 aquisi\u00e7\u00e3o e \u00e0 reinven\u00e7\u00e3o de compet\u00eancias e habilidades qualificadas pelos\/as docentes durante sua forma\u00e7\u00e3o profissional. Contempla, ainda, a elabora\u00e7\u00e3o de plataformas e modelos inovadores em educa\u00e7\u00e3o, baseados nas Tecnologias de Informa\u00e7\u00e3o e Comunica\u00e7\u00e3o.<\/p>\n\n\n\n<figure class=\"wp-block-table has-small-font-size\"><table><tbody><tr><td><strong>Orientadores do Campus CaVG<\/strong><\/td><td><strong>Orientadores do Campus&nbsp;Passo Fundo<\/strong><\/td><\/tr><tr><td>Andreia Sias Rodrigues<br>Fernando Augusto Treptow Brod<br>Jo\u00e3o Ladislau Barbar\u00e1 Lopes<br>Marcos Andr\u00e9 Betemps Vaz da Silva<br>Maria Isabel Giusti Moreira<br>Raymundo Carlos Machado Ferreira Filho<\/td><td>Anubis Graciela de Moraes Rossetto<br><\/td><\/tr><\/tbody><\/table><\/figure>\n","protected":false},"excerpt":{"rendered":"<p>Investiga as contribui\u00e7\u00f5es das tecnologias mediadas por metodologias no processo de ensino e de aprendizagem, relativas tanto ao suporte aos procedimentos estabelecidos, quanto \u00e0 concep\u00e7\u00e3o de processos inovadores, visando \u00e0 [&hellip;]<\/p>\n","protected":false},"author":1,"featured_media":0,"parent":0,"menu_order":0,"comment_status":"closed","ping_status":"closed","template":"","meta":{"_editorskit_title_hidden":false,"_editorskit_reading_time":0,"_editorskit_is_block_options_detached":false,"_editorskit_block_options_position":"{}","footnotes":""},"folder":[],"class_list":["post-306","page","type-page","status-publish","hentry"],"_links":{"self":[{"href":"https:\/\/ppgcited.cavg.ifsul.edu.br\/index.php\/wp-json\/wp\/v2\/pages\/306","targetHints":{"allow":["GET"]}}],"collection":[{"href":"https:\/\/ppgcited.cavg.ifsul.edu.br\/index.php\/wp-json\/wp\/v2\/pages"}],"about":[{"href":"https:\/\/ppgcited.cavg.ifsul.edu.br\/index.php\/wp-json\/wp\/v2\/types\/page"}],"author":[{"embeddable":true,"href":"https:\/\/ppgcited.cavg.ifsul.edu.br\/index.php\/wp-json\/wp\/v2\/users\/1"}],"replies":[{"embeddable":true,"href":"https:\/\/ppgcited.cavg.ifsul.edu.br\/index.php\/wp-json\/wp\/v2\/comments?post=306"}],"version-history":[{"count":2,"href":"https:\/\/ppgcited.cavg.ifsul.edu.br\/index.php\/wp-json\/wp\/v2\/pages\/306\/revisions"}],"predecessor-version":[{"id":918,"href":"https:\/\/ppgcited.cavg.ifsul.edu.br\/index.php\/wp-json\/wp\/v2\/pages\/306\/revisions\/918"}],"wp:attachment":[{"href":"https:\/\/ppgcited.cavg.ifsul.edu.br\/index.php\/wp-json\/wp\/v2\/media?parent=306"}],"wp:term":[{"taxonomy":"folder","embeddable":true,"href":"https:\/\/ppgcited.cavg.ifsul.edu.br\/index.php\/wp-json\/wp\/v2\/folder?post=306"}],"curies":[{"name":"wp","href":"https:\/\/api.w.org\/{rel}","templated":true}]}}