{"id":310,"date":"2024-04-16T23:09:31","date_gmt":"2024-04-17T02:09:31","guid":{"rendered":"http:\/\/novoppgcited.cavg.ifsul.edu.br\/?page_id=310"},"modified":"2024-04-21T23:19:45","modified_gmt":"2024-04-22T02:19:45","slug":"educacao-inclusiva","status":"publish","type":"page","link":"https:\/\/ppgcited.cavg.ifsul.edu.br\/index.php\/educacao-inclusiva\/","title":{"rendered":"Educa\u00e7\u00e3o Inclusiva"},"content":{"rendered":"\n<p class=\"has-text-align-justify has-small-font-size\">Desenvolve pesquisas e estudos referentes \u00e0 conceitua\u00e7\u00e3o sobre Educa\u00e7\u00e3o e Inova\u00e7\u00e3o Tecnol\u00f3gica e estrutura para o desenvolvimento de educa\u00e7\u00e3o mediada por tecnologias e suas interlocu\u00e7\u00f5es com a Educa\u00e7\u00e3o Especial e Inclusiva. Na perspectiva da Educa\u00e7\u00e3o Inclusiva contempla estudos epistemol\u00f3gicos, pol\u00edticos e hist\u00f3ricos referentes \u00e0 Educa\u00e7\u00e3o Especial numa nova perspectiva de atua\u00e7\u00e3o, qual seja, o v\u00ednculo com a constitui\u00e7\u00e3o de espa\u00e7os educacionais inclusivos. Produz estudos relacionados diretamente \u00e0s pr\u00e1ticas educacionais e aos processos formativos de educadores (inicial e continuada) para atua\u00e7\u00e3o pedag\u00f3gica na diversidade, contemplando os princ\u00edpios de uma educa\u00e7\u00e3o inclusiva. Busca analisar os processos de ensino e de aprendizagem e as inova\u00e7\u00f5es pedag\u00f3gicas para o atendimento \u00e0s necessidades educacionais de qualquer ordem: biopsicossocial ou etnocultural.<\/p>\n\n\n\n<figure class=\"wp-block-table has-small-font-size\"><table><tbody><tr><td><strong>Orientadores do Campus CaVG<\/strong><\/td><td><strong>Orientadores do Campus&nbsp;Passo Fundo<\/strong><\/td><\/tr><tr><td>Raymundo Carlos Machado Ferreira Filho<\/td><td>Maria Carolina Fortes<br>Maria Raquel Caetano<\/td><\/tr><\/tbody><\/table><\/figure>\n","protected":false},"excerpt":{"rendered":"<p>Desenvolve pesquisas e estudos referentes \u00e0 conceitua\u00e7\u00e3o sobre Educa\u00e7\u00e3o e Inova\u00e7\u00e3o Tecnol\u00f3gica e estrutura para o desenvolvimento de educa\u00e7\u00e3o mediada por tecnologias e suas interlocu\u00e7\u00f5es com a Educa\u00e7\u00e3o Especial e [&hellip;]<\/p>\n","protected":false},"author":1,"featured_media":0,"parent":0,"menu_order":0,"comment_status":"closed","ping_status":"closed","template":"","meta":{"_editorskit_title_hidden":false,"_editorskit_reading_time":0,"_editorskit_is_block_options_detached":false,"_editorskit_block_options_position":"{}","footnotes":""},"folder":[],"class_list":["post-310","page","type-page","status-publish","hentry"],"_links":{"self":[{"href":"https:\/\/ppgcited.cavg.ifsul.edu.br\/index.php\/wp-json\/wp\/v2\/pages\/310","targetHints":{"allow":["GET"]}}],"collection":[{"href":"https:\/\/ppgcited.cavg.ifsul.edu.br\/index.php\/wp-json\/wp\/v2\/pages"}],"about":[{"href":"https:\/\/ppgcited.cavg.ifsul.edu.br\/index.php\/wp-json\/wp\/v2\/types\/page"}],"author":[{"embeddable":true,"href":"https:\/\/ppgcited.cavg.ifsul.edu.br\/index.php\/wp-json\/wp\/v2\/users\/1"}],"replies":[{"embeddable":true,"href":"https:\/\/ppgcited.cavg.ifsul.edu.br\/index.php\/wp-json\/wp\/v2\/comments?post=310"}],"version-history":[{"count":3,"href":"https:\/\/ppgcited.cavg.ifsul.edu.br\/index.php\/wp-json\/wp\/v2\/pages\/310\/revisions"}],"predecessor-version":[{"id":919,"href":"https:\/\/ppgcited.cavg.ifsul.edu.br\/index.php\/wp-json\/wp\/v2\/pages\/310\/revisions\/919"}],"wp:attachment":[{"href":"https:\/\/ppgcited.cavg.ifsul.edu.br\/index.php\/wp-json\/wp\/v2\/media?parent=310"}],"wp:term":[{"taxonomy":"folder","embeddable":true,"href":"https:\/\/ppgcited.cavg.ifsul.edu.br\/index.php\/wp-json\/wp\/v2\/folder?post=310"}],"curies":[{"name":"wp","href":"https:\/\/api.w.org\/{rel}","templated":true}]}}