{"id":316,"date":"2024-04-16T23:13:24","date_gmt":"2024-04-17T02:13:24","guid":{"rendered":"http:\/\/novoppgcited.cavg.ifsul.edu.br\/?page_id=316"},"modified":"2025-12-06T01:31:29","modified_gmt":"2025-12-06T04:31:29","slug":"documentos","status":"publish","type":"page","link":"https:\/\/ppgcited.cavg.ifsul.edu.br\/index.php\/documentos\/","title":{"rendered":"Documentos"},"content":{"rendered":"\n<h3 class=\"wp-block-heading\"><mark style=\"background-color:rgba(0, 0, 0, 0)\" class=\"has-inline-color has-vivid-green-cyan-color\">Coorienta\u00e7\u00e3o<\/mark><\/h3>\n\n\n\n<div style=\"height:11px\" aria-hidden=\"true\" class=\"wp-block-spacer\"><\/div>\n\n\n\n<ul class=\"wp-block-list\">\n<li><a href=\"https:\/\/ppgcited.cavg.ifsul.edu.br\/wp-content\/uploads\/2024\/04\/procedimentos-coorientacao-1.pdf\" target=\"_blank\" rel=\"noreferrer noopener\">Procedimento para Solicita\u00e7\u00e3o de Coorienta\u00e7\u00e3o<\/a><\/li>\n\n\n\n<li><a href=\"https:\/\/ppgcited.cavg.ifsul.edu.br\/wp-content\/uploads\/2024\/04\/documentos-coorientacao-1.doc\" target=\"_blank\" rel=\"noreferrer noopener\">Formul\u00e1rio<\/a><\/li>\n<\/ul>\n\n\n\n<h3 class=\"wp-block-heading\"><mark style=\"background-color:rgba(0, 0, 0, 0)\" class=\"has-inline-color has-vivid-green-cyan-color\">Perman\u00eancia Docente<\/mark><\/h3>\n\n\n\n<div style=\"height:11px\" aria-hidden=\"true\" class=\"wp-block-spacer\"><\/div>\n\n\n\n<ul class=\"wp-block-list\">\n<li><a href=\"https:\/\/ppgcited.cavg.ifsul.edu.br\/wp-content\/uploads\/2025\/02\/NORMAS-PARA-CREDENCIAMENTO-DE-DOCENTES.pdf\" target=\"_blank\" rel=\"noreferrer noopener\">Normas para Credenciamento e Perman\u00eancia de Docentes<\/a><\/li>\n\n\n\n<li><a href=\"https:\/\/ppgcited.cavg.ifsul.edu.br\/wp-content\/uploads\/2025\/02\/FICHA-DE-PERMANENCIA.pdf\" target=\"_blank\" rel=\"noreferrer noopener\">Formul\u00e1rio<\/a><\/li>\n<\/ul>\n\n\n\n<div style=\"height:11px\" aria-hidden=\"true\" class=\"wp-block-spacer\"><\/div>\n\n\n\n<h3 class=\"wp-block-heading\"><mark style=\"background-color:rgba(0, 0, 0, 0)\" class=\"has-inline-color has-vivid-green-cyan-color\">Bancas<\/mark><\/h3>\n\n\n\n<ul class=\"wp-block-list\">\n<li><a href=\"https:\/\/ppgcited.cavg.ifsul.edu.br\/wp-content\/uploads\/2025\/12\/resumo-procedimento-bancas.pdf\" target=\"_blank\" rel=\"noreferrer noopener\">Resumo do Procedimento para marca\u00e7\u00e3o de bancas<\/a><\/li>\n\n\n\n<li><a href=\"https:\/\/ppgcited.cavg.ifsul.edu.br\/wp-content\/uploads\/2024\/04\/Formulario_Requerimento_Banca_Defesa-2023.docx\" target=\"_blank\" rel=\"noreferrer noopener\">Formul\u00e1rio para Composi\u00e7\u00e3o de Banca de Qualifica\u00e7\u00e3o&nbsp;ou Defesa<\/a><\/li>\n\n\n\n<li><a aria-label=\" (opens in a new tab)\" class=\"ek-link\" href=\"https:\/\/ppgcited.cavg.ifsul.edu.br\/wp-content\/uploads\/2024\/04\/declaracao_ajustes.docx\" target=\"_blank\" rel=\"noreferrer noopener\">Declara\u00e7\u00e3o do\/a Orientador\/a sobre os ajustes na Disserta\u00e7\u00e3o e Produto Educacional<\/a><\/li>\n\n\n\n<li><a class=\"ek-link\" href=\"https:\/\/ppgcited.cavg.ifsul.edu.br\/wp-content\/uploads\/2024\/04\/termo_autorizacao.docx\">Termo de Autoriza\u00e7\u00e3o para a Biblioteca<\/a><\/li>\n\n\n\n<li><a href=\"https:\/\/ppgcited.cavg.ifsul.edu.br\/wp-content\/uploads\/2025\/03\/2025_1-formulario-prorrogacao-defesa.docx\" target=\"_blank\" rel=\"noreferrer noopener\">Prorroga\u00e7\u00e3o de Defesa<\/a><\/li>\n<\/ul>\n\n\n\n<p><\/p>\n","protected":false},"excerpt":{"rendered":"<p>Coorienta\u00e7\u00e3o Perman\u00eancia Docente Bancas<\/p>\n","protected":false},"author":1,"featured_media":0,"parent":0,"menu_order":0,"comment_status":"closed","ping_status":"closed","template":"","meta":{"_editorskit_title_hidden":false,"_editorskit_reading_time":0,"_editorskit_is_block_options_detached":false,"_editorskit_block_options_position":"{}","footnotes":""},"folder":[],"class_list":["post-316","page","type-page","status-publish","hentry"],"_links":{"self":[{"href":"https:\/\/ppgcited.cavg.ifsul.edu.br\/index.php\/wp-json\/wp\/v2\/pages\/316","targetHints":{"allow":["GET"]}}],"collection":[{"href":"https:\/\/ppgcited.cavg.ifsul.edu.br\/index.php\/wp-json\/wp\/v2\/pages"}],"about":[{"href":"https:\/\/ppgcited.cavg.ifsul.edu.br\/index.php\/wp-json\/wp\/v2\/types\/page"}],"author":[{"embeddable":true,"href":"https:\/\/ppgcited.cavg.ifsul.edu.br\/index.php\/wp-json\/wp\/v2\/users\/1"}],"replies":[{"embeddable":true,"href":"https:\/\/ppgcited.cavg.ifsul.edu.br\/index.php\/wp-json\/wp\/v2\/comments?post=316"}],"version-history":[{"count":98,"href":"https:\/\/ppgcited.cavg.ifsul.edu.br\/index.php\/wp-json\/wp\/v2\/pages\/316\/revisions"}],"predecessor-version":[{"id":2488,"href":"https:\/\/ppgcited.cavg.ifsul.edu.br\/index.php\/wp-json\/wp\/v2\/pages\/316\/revisions\/2488"}],"wp:attachment":[{"href":"https:\/\/ppgcited.cavg.ifsul.edu.br\/index.php\/wp-json\/wp\/v2\/media?parent=316"}],"wp:term":[{"taxonomy":"folder","embeddable":true,"href":"https:\/\/ppgcited.cavg.ifsul.edu.br\/index.php\/wp-json\/wp\/v2\/folder?post=316"}],"curies":[{"name":"wp","href":"https:\/\/api.w.org\/{rel}","templated":true}]}}