{"id":34,"date":"2024-04-09T14:43:36","date_gmt":"2024-04-09T17:43:36","guid":{"rendered":"http:\/\/172.16.0.170\/ppgcited_sitenovo\/?page_id=34"},"modified":"2025-02-12T23:11:34","modified_gmt":"2025-02-13T02:11:34","slug":"credenciamento","status":"publish","type":"page","link":"https:\/\/ppgcited.cavg.ifsul.edu.br\/index.php\/credenciamento\/","title":{"rendered":"Credenciamento"},"content":{"rendered":"\n<p class=\"has-text-align-justify\">O curso de Mestrado Profissional em Ci\u00eancias e Tecnologias na Educa\u00e7\u00e3o tem processo cont\u00ednuo de solicita\u00e7\u00e3o de credenciamento, e para tanto o docente deve ter atua\u00e7\u00e3o alinhada com as linhas de pesquisa do PPGCITED e tamb\u00e9m pontua\u00e7\u00e3o m\u00ednima estabelecida nas regras de credenciamento, dispon\u00edveis no seguinte documento: <\/p>\n\n\n\n<p><a href=\"https:\/\/ppgcited.cavg.ifsul.edu.br\/wp-content\/uploads\/2025\/02\/NORMAS-PARA-CREDENCIAMENTO-DE-DOCENTES.pdf\" target=\"_blank\" rel=\"noreferrer noopener\">Normas de Credenciamento<\/a><\/p>\n\n\n\n<p class=\"has-text-align-justify\">A solicita\u00e7\u00e3o deve ser encaminhada para a Secretaria do PPGCITED atrav\u00e9s do email <a href=\"mailto:vg-cmcte@ifsul.edu.br\">vg-cmcte@ifsul.edu.br<\/a> com a seguinte documenta\u00e7\u00e3o:<\/p>\n\n\n\n<ul class=\"wp-block-list\">\n<li><a href=\"https:\/\/ppgcited.cavg.ifsul.edu.br\/wp-content\/uploads\/2025\/02\/FICHA-DE-SOLICITACAO-DE-CREDENCIAMENTO.pdf\" target=\"_blank\" rel=\"noreferrer noopener\">Ficha de Credenciamento<\/a> com as assinaturas necess\u00e1rias e com identifica\u00e7\u00e3o da produ\u00e7\u00e3o que garante a pontua\u00e7\u00e3o m\u00ednima exigida.<\/li>\n<\/ul>\n\n\n\n<p><\/p>\n","protected":false},"excerpt":{"rendered":"<p>O curso de Mestrado Profissional em Ci\u00eancias e Tecnologias na Educa\u00e7\u00e3o tem processo cont\u00ednuo de solicita\u00e7\u00e3o de credenciamento, e para tanto o docente deve ter atua\u00e7\u00e3o alinhada com as linhas [&hellip;]<\/p>\n","protected":false},"author":1,"featured_media":0,"parent":0,"menu_order":0,"comment_status":"closed","ping_status":"closed","template":"","meta":{"_editorskit_title_hidden":false,"_editorskit_reading_time":0,"_editorskit_is_block_options_detached":false,"_editorskit_block_options_position":"{}","footnotes":""},"folder":[],"class_list":["post-34","page","type-page","status-publish","hentry"],"_links":{"self":[{"href":"https:\/\/ppgcited.cavg.ifsul.edu.br\/index.php\/wp-json\/wp\/v2\/pages\/34","targetHints":{"allow":["GET"]}}],"collection":[{"href":"https:\/\/ppgcited.cavg.ifsul.edu.br\/index.php\/wp-json\/wp\/v2\/pages"}],"about":[{"href":"https:\/\/ppgcited.cavg.ifsul.edu.br\/index.php\/wp-json\/wp\/v2\/types\/page"}],"author":[{"embeddable":true,"href":"https:\/\/ppgcited.cavg.ifsul.edu.br\/index.php\/wp-json\/wp\/v2\/users\/1"}],"replies":[{"embeddable":true,"href":"https:\/\/ppgcited.cavg.ifsul.edu.br\/index.php\/wp-json\/wp\/v2\/comments?post=34"}],"version-history":[{"count":8,"href":"https:\/\/ppgcited.cavg.ifsul.edu.br\/index.php\/wp-json\/wp\/v2\/pages\/34\/revisions"}],"predecessor-version":[{"id":2114,"href":"https:\/\/ppgcited.cavg.ifsul.edu.br\/index.php\/wp-json\/wp\/v2\/pages\/34\/revisions\/2114"}],"wp:attachment":[{"href":"https:\/\/ppgcited.cavg.ifsul.edu.br\/index.php\/wp-json\/wp\/v2\/media?parent=34"}],"wp:term":[{"taxonomy":"folder","embeddable":true,"href":"https:\/\/ppgcited.cavg.ifsul.edu.br\/index.php\/wp-json\/wp\/v2\/folder?post=34"}],"curies":[{"name":"wp","href":"https:\/\/api.w.org\/{rel}","templated":true}]}}