{"id":35,"date":"2024-04-09T14:43:36","date_gmt":"2024-04-09T17:43:36","guid":{"rendered":"http:\/\/172.16.0.170\/ppgcited_sitenovo\/?page_id=35"},"modified":"2024-04-18T12:03:29","modified_gmt":"2024-04-18T15:03:29","slug":"selecao","status":"publish","type":"page","link":"https:\/\/ppgcited.cavg.ifsul.edu.br\/index.php\/selecao\/","title":{"rendered":"Sele\u00e7\u00e3o"},"content":{"rendered":"\n<p class=\"has-text-align-justify\">Acesse as informa\u00e7\u00f5es sobre os processos seletivos do PPGCITED na <a href=\"http:\/\/cavg.ifsul.edu.br\/editais\/itemlist\/category\/66-ppgcited\" target=\"_blank\" aria-label=\"p\u00e1gina do CaVG (opens in a new tab)\" rel=\"noreferrer noopener\" class=\"ek-link\">p\u00e1gina do CaVG<\/a>.<\/p>\n\n\n\n<p><\/p>\n","protected":false},"excerpt":{"rendered":"<p>Acesse as informa\u00e7\u00f5es sobre os processos seletivos do PPGCITED na p\u00e1gina do CaVG.<\/p>\n","protected":false},"author":1,"featured_media":0,"parent":0,"menu_order":0,"comment_status":"closed","ping_status":"closed","template":"","meta":{"_editorskit_title_hidden":false,"_editorskit_reading_time":0,"_editorskit_is_block_options_detached":false,"_editorskit_block_options_position":"{}","footnotes":""},"folder":[],"class_list":["post-35","page","type-page","status-publish","hentry"],"_links":{"self":[{"href":"https:\/\/ppgcited.cavg.ifsul.edu.br\/index.php\/wp-json\/wp\/v2\/pages\/35","targetHints":{"allow":["GET"]}}],"collection":[{"href":"https:\/\/ppgcited.cavg.ifsul.edu.br\/index.php\/wp-json\/wp\/v2\/pages"}],"about":[{"href":"https:\/\/ppgcited.cavg.ifsul.edu.br\/index.php\/wp-json\/wp\/v2\/types\/page"}],"author":[{"embeddable":true,"href":"https:\/\/ppgcited.cavg.ifsul.edu.br\/index.php\/wp-json\/wp\/v2\/users\/1"}],"replies":[{"embeddable":true,"href":"https:\/\/ppgcited.cavg.ifsul.edu.br\/index.php\/wp-json\/wp\/v2\/comments?post=35"}],"version-history":[{"count":2,"href":"https:\/\/ppgcited.cavg.ifsul.edu.br\/index.php\/wp-json\/wp\/v2\/pages\/35\/revisions"}],"predecessor-version":[{"id":532,"href":"https:\/\/ppgcited.cavg.ifsul.edu.br\/index.php\/wp-json\/wp\/v2\/pages\/35\/revisions\/532"}],"wp:attachment":[{"href":"https:\/\/ppgcited.cavg.ifsul.edu.br\/index.php\/wp-json\/wp\/v2\/media?parent=35"}],"wp:term":[{"taxonomy":"folder","embeddable":true,"href":"https:\/\/ppgcited.cavg.ifsul.edu.br\/index.php\/wp-json\/wp\/v2\/folder?post=35"}],"curies":[{"name":"wp","href":"https:\/\/api.w.org\/{rel}","templated":true}]}}