{"id":37,"date":"2024-04-09T14:43:36","date_gmt":"2024-04-09T17:43:36","guid":{"rendered":"http:\/\/172.16.0.170\/ppgcited_sitenovo\/?page_id=37"},"modified":"2024-05-03T19:06:19","modified_gmt":"2024-05-03T22:06:19","slug":"contatos","status":"publish","type":"page","link":"https:\/\/ppgcited.cavg.ifsul.edu.br\/index.php\/contatos\/","title":{"rendered":"Contatos"},"content":{"rendered":"\n<figure class=\"wp-block-pullquote has-text-align-left\"><blockquote><p><strong>PPGCITED<\/strong><br><a href=\"mailto:ppgcited@gmail.com\" class=\"ek-link\">ppgcited@gmail.com<\/a> <br><br><strong>Departamento de Pesquisa, Extens\u00e3o e P\u00f3s-gradua\u00e7\u00e3o (DPEP)<\/strong><br><a href=\"mailto:vg-dpep@ifsul.edu.br\">vg-dpep@ifsul.edu.br<\/a>\u00a0<br><br><strong>Diretoria de Ensino (DIREN) &#8211; Registros Acad\u00eamicos<\/strong><br><a href=\"mailto:vg-cra@ifsul.edu.br\" class=\"ek-link\">vg-cra@ifsul.edu.br<\/a>\u00a0<br><\/p><\/blockquote><\/figure>\n\n\n\n<p><\/p>\n","protected":false},"excerpt":{"rendered":"<p>PPGCITEDppgcited@gmail.com Departamento de Pesquisa, Extens\u00e3o e P\u00f3s-gradua\u00e7\u00e3o (DPEP)vg-dpep@ifsul.edu.br\u00a0 Diretoria de Ensino (DIREN) &#8211; Registros Acad\u00eamicosvg-cra@ifsul.edu.br\u00a0<\/p>\n","protected":false},"author":1,"featured_media":0,"parent":0,"menu_order":0,"comment_status":"closed","ping_status":"closed","template":"","meta":{"_editorskit_title_hidden":false,"_editorskit_reading_time":0,"_editorskit_is_block_options_detached":false,"_editorskit_block_options_position":"{}","footnotes":""},"folder":[],"class_list":["post-37","page","type-page","status-publish","hentry"],"_links":{"self":[{"href":"https:\/\/ppgcited.cavg.ifsul.edu.br\/index.php\/wp-json\/wp\/v2\/pages\/37","targetHints":{"allow":["GET"]}}],"collection":[{"href":"https:\/\/ppgcited.cavg.ifsul.edu.br\/index.php\/wp-json\/wp\/v2\/pages"}],"about":[{"href":"https:\/\/ppgcited.cavg.ifsul.edu.br\/index.php\/wp-json\/wp\/v2\/types\/page"}],"author":[{"embeddable":true,"href":"https:\/\/ppgcited.cavg.ifsul.edu.br\/index.php\/wp-json\/wp\/v2\/users\/1"}],"replies":[{"embeddable":true,"href":"https:\/\/ppgcited.cavg.ifsul.edu.br\/index.php\/wp-json\/wp\/v2\/comments?post=37"}],"version-history":[{"count":12,"href":"https:\/\/ppgcited.cavg.ifsul.edu.br\/index.php\/wp-json\/wp\/v2\/pages\/37\/revisions"}],"predecessor-version":[{"id":1519,"href":"https:\/\/ppgcited.cavg.ifsul.edu.br\/index.php\/wp-json\/wp\/v2\/pages\/37\/revisions\/1519"}],"wp:attachment":[{"href":"https:\/\/ppgcited.cavg.ifsul.edu.br\/index.php\/wp-json\/wp\/v2\/media?parent=37"}],"wp:term":[{"taxonomy":"folder","embeddable":true,"href":"https:\/\/ppgcited.cavg.ifsul.edu.br\/index.php\/wp-json\/wp\/v2\/folder?post=37"}],"curies":[{"name":"wp","href":"https:\/\/api.w.org\/{rel}","templated":true}]}}