{"id":77,"date":"2024-04-09T15:23:39","date_gmt":"2024-04-09T18:23:39","guid":{"rendered":"http:\/\/172.16.0.170\/ppgcited_sitenovo\/?page_id=77"},"modified":"2025-02-07T20:03:35","modified_gmt":"2025-02-07T23:03:35","slug":"apresentacao","status":"publish","type":"page","link":"https:\/\/ppgcited.cavg.ifsul.edu.br\/index.php\/apresentacao\/","title":{"rendered":"Apresenta\u00e7\u00e3o"},"content":{"rendered":"\r\n<p class=\"has-text-align-justify\" style=\"text-align: justify;\">O Programa de P\u00f3s-Gradua\u00e7\u00e3o em Ci\u00eancias e Tecnologias na Educa\u00e7\u00e3o (PPGCITED), em\u00a0n\u00edvel de Mestrado, est\u00e1 vinculado \u00e0 \u00e1rea de\u00a0<a href=\"https:\/\/www.gov.br\/capes\/pt-br\/acesso-a-informacao\/acoes-e-programas\/avaliacao\/sobre-a-avaliacao\/areas-avaliacao\/sobre-as-areas-de-avaliacao\/colegio-de-ciencias-exatas-tecnologicas-e-multidisciplinar\/multidisciplinar\/ensino\" target=\"_blank\" rel=\"noreferrer noopener\">Ensino\u00a0da CAPES<\/a>.<\/p>\r\n<p class=\"has-text-align-justify\" style=\"text-align: justify;\">O curso de Mestrado Profissional em Ci\u00eancias e Tecnologias na Educa\u00e7\u00e3o tem por objetivo oferecer qualifica\u00e7\u00e3o, em n\u00edvel de p\u00f3s-gradua\u00e7\u00e3o <em>stricto sensu<\/em>, a graduadas\/os em cursos reconhecidos pelo MEC, que atuem na educa\u00e7\u00e3o cient\u00edfica e suas interfaces com as Tecnologias Educacionais, especialmente docentes das Ci\u00eancias da Natureza e Matem\u00e1tica, por meio da produ\u00e7\u00e3o e difus\u00e3o de conhecimentos envolvendo atividades de pesquisa, ensino e extens\u00e3o, articulando teoria, pesquisa e pr\u00e1tica.<\/p>\r\n<p class=\"has-text-align-justify\" style=\"text-align: justify;\">O curso \u00e9 composto por duas linhas de pesquisa: <strong>Tecnologias no Ensino de Ci\u00eancias<\/strong> e\u00a0 <strong>Ensino e Aprendizagens de Ci\u00eancias na contemporaneidade<\/strong><\/p>\r\n<p class=\"has-text-align-justify\" style=\"text-align: justify;\">Para o desenvolvimento das atividades do curso, a \u00e1rea de Ensino exige, al\u00e9m da disserta\u00e7\u00e3o, a elabora\u00e7\u00e3o e valida\u00e7\u00e3o de um produto educacional desenvolvido pelos\/as p\u00f3s-graduandos\/as, bem como \u00e9 necess\u00e1rio explicitar claramente os modos de desenvolvimento de uma pr\u00e1tica pedag\u00f3gica orientada (necess\u00e1ria para o desenvolvimento do produto educacional), condi\u00e7\u00e3o obrigat\u00f3ria para a integraliza\u00e7\u00e3o dos cr\u00e9ditos necess\u00e1rios para obten\u00e7\u00e3o do t\u00edtulo de mestre.<\/p>\r\n<p class=\"has-text-align-justify\" style=\"text-align: justify;\">As informa\u00e7\u00f5es sobre os processos seletivos para o curso de Mestrado podem ser acessadas pela pr\u00f3pria p\u00e1gina do programa, na aba &#8220;Sele\u00e7\u00e3o&#8221;.<\/p>\r\n\r\n\r\n\r\n<p class=\"has-text-align-justify\" style=\"text-align: justify;\">O PPGCITED \u00e9 respons\u00e1vel pela administra\u00e7\u00e3o da <a class=\"ek-link\" href=\"https:\/\/periodicos.ifsul.edu.br\/index.php\/educarmais\" target=\"_blank\" rel=\"noreferrer noopener\" aria-label=\" Revista Educar Mais  (opens in a new tab)\">Revista Educar Mais<\/a>, sendo uma publica\u00e7\u00e3o do Programa de P\u00f3s-Gradua\u00e7\u00e3o em Ci\u00eancias e Tecnologias na Educa\u00e7\u00e3o (PPGCITED) do CaVG\/IFSul em parceria com os programas de P\u00f3s-Gradua\u00e7\u00e3o em Educa\u00e7\u00e3o (PPGEdu) da UNIPAMPA e em Educa\u00e7\u00e3o da Univille. A gest\u00e3o editorial da Revista \u00e9 executada pela Equipe do Programa N\u00facleo de Ensino de Ci\u00eancias e Matem\u00e1tica (PRONECIM\/CaVG\/IFSul). A Educar Mais tem como objetivo divulgar a pesquisa cient\u00edfica, artigos de revis\u00e3o e resenhas das \u00e1reas de Ensino e Educa\u00e7\u00e3o da CAPES.<\/p>\r\n\r\n\r\n<div class=\"wp-block-image is-style-editorskit-rounded\">\r\n<figure class=\"aligncenter size-full is-resized\"><img loading=\"lazy\" decoding=\"async\" width=\"1024\" height=\"1024\" class=\"wp-image-208\" style=\"width: 334px; height: auto;\" src=\"http:\/\/novoppgcited.cavg.ifsul.edu.br\/wp-content\/uploads\/2024\/04\/ppgcited-nota4.jpeg\" alt=\"\" srcset=\"https:\/\/ppgcited.cavg.ifsul.edu.br\/wp-content\/uploads\/2024\/04\/ppgcited-nota4.jpeg 1024w, https:\/\/ppgcited.cavg.ifsul.edu.br\/wp-content\/uploads\/2024\/04\/ppgcited-nota4-300x300.jpeg 300w, https:\/\/ppgcited.cavg.ifsul.edu.br\/wp-content\/uploads\/2024\/04\/ppgcited-nota4-150x150.jpeg 150w, https:\/\/ppgcited.cavg.ifsul.edu.br\/wp-content\/uploads\/2024\/04\/ppgcited-nota4-768x768.jpeg 768w\" sizes=\"auto, (max-width: 1024px) 100vw, 1024px\" \/><\/figure>\r\n<\/div>","protected":false},"excerpt":{"rendered":"<p>O Programa de P\u00f3s-Gradua\u00e7\u00e3o em Ci\u00eancias e Tecnologias na Educa\u00e7\u00e3o (PPGCITED), em\u00a0n\u00edvel de Mestrado, est\u00e1 vinculado \u00e0 \u00e1rea de\u00a0Ensino\u00a0da CAPES. O curso de Mestrado Profissional em Ci\u00eancias e Tecnologias na [&hellip;]<\/p>\n","protected":false},"author":1,"featured_media":0,"parent":0,"menu_order":0,"comment_status":"closed","ping_status":"closed","template":"","meta":{"_editorskit_title_hidden":false,"_editorskit_reading_time":0,"_editorskit_is_block_options_detached":false,"_editorskit_block_options_position":"{}","footnotes":""},"folder":[],"class_list":["post-77","page","type-page","status-publish","hentry"],"_links":{"self":[{"href":"https:\/\/ppgcited.cavg.ifsul.edu.br\/index.php\/wp-json\/wp\/v2\/pages\/77","targetHints":{"allow":["GET"]}}],"collection":[{"href":"https:\/\/ppgcited.cavg.ifsul.edu.br\/index.php\/wp-json\/wp\/v2\/pages"}],"about":[{"href":"https:\/\/ppgcited.cavg.ifsul.edu.br\/index.php\/wp-json\/wp\/v2\/types\/page"}],"author":[{"embeddable":true,"href":"https:\/\/ppgcited.cavg.ifsul.edu.br\/index.php\/wp-json\/wp\/v2\/users\/1"}],"replies":[{"embeddable":true,"href":"https:\/\/ppgcited.cavg.ifsul.edu.br\/index.php\/wp-json\/wp\/v2\/comments?post=77"}],"version-history":[{"count":9,"href":"https:\/\/ppgcited.cavg.ifsul.edu.br\/index.php\/wp-json\/wp\/v2\/pages\/77\/revisions"}],"predecessor-version":[{"id":2048,"href":"https:\/\/ppgcited.cavg.ifsul.edu.br\/index.php\/wp-json\/wp\/v2\/pages\/77\/revisions\/2048"}],"wp:attachment":[{"href":"https:\/\/ppgcited.cavg.ifsul.edu.br\/index.php\/wp-json\/wp\/v2\/media?parent=77"}],"wp:term":[{"taxonomy":"folder","embeddable":true,"href":"https:\/\/ppgcited.cavg.ifsul.edu.br\/index.php\/wp-json\/wp\/v2\/folder?post=77"}],"curies":[{"name":"wp","href":"https:\/\/api.w.org\/{rel}","templated":true}]}}