{"id":79,"date":"2024-04-09T15:24:00","date_gmt":"2024-04-09T18:24:00","guid":{"rendered":"http:\/\/172.16.0.170\/ppgcited_sitenovo\/?page_id=79"},"modified":"2025-02-07T20:13:09","modified_gmt":"2025-02-07T23:13:09","slug":"cooperacao","status":"publish","type":"page","link":"https:\/\/ppgcited.cavg.ifsul.edu.br\/index.php\/cooperacao\/","title":{"rendered":"Coopera\u00e7\u00e3o"},"content":{"rendered":"\r\n<h4 class=\"wp-block-heading has-vivid-green-cyan-color has-text-color has-link-color wp-elements-2fb174e89578b10e7ebafb0f3d2a1606\"><span style=\"color: #99cc00;\">Interc\u00e2mbios Nacionais<\/span><\/h4>\r\n\r\n\r\n\r\n<p class=\"has-text-align-justify has-small-font-size\" style=\"text-align: justify;\">Em rela\u00e7\u00e3o as a\u00e7\u00f5es de interc\u00e2mbio em n\u00edvel nacional \u00e9 importante citar que a parceria entre os Programas PPGCITED, PRONECIM e Licenciaturas existentes no CaVG\/IFSul, est\u00e1 estruturada a partir de um Grupo de professores pertencentes aos corpos docentes do CaVG e dos Cursos de Qu\u00edmica e Biologia da Universidade Federal de Pelotas\/UFPel. A partir desta parceria foi constru\u00edda a Rede Regional de Ci\u00eancias que desenvolve cursos de forma\u00e7\u00e3o continuada promovendo o interc\u00e2mbio com as 22 Secretarias de Educa\u00e7\u00e3o dos Munic\u00edpios pertencentes a Associa\u00e7\u00e3o dos Munic\u00edpios da Regi\u00e3o Sul do Rio Grande do Sul &#8211; AZONASUL. Na Rede Regional tamb\u00e9m \u00e9 poss\u00edvel identificar a participa\u00e7\u00e3o efetiva da Universidade Regional do Pampa\/Unipampa, atrav\u00e9s dos Campus de Bag\u00e9 e Ca\u00e7apava do Sul. Al\u00e9m disso, nas coorienta\u00e7\u00f5es e bancas examinadoras se tem estabelecida parcerias com o SENAI da Bahia, UNEB, SESC Pelotas, USP, UFPEL, PUC-RS, e UFRGS bem como algumas empresas de desenvolvimento de tecnologias educacionais.<\/p>\r\n\r\n\r\n\r\n<h4 class=\"wp-block-heading has-vivid-green-cyan-color has-text-color has-link-color wp-elements-581691910e21550c338c725a2952dc00\"><span style=\"color: #99cc00;\">Interc\u00e2mbios Internacionais<\/span><\/h4>\r\n\r\n\r\n\r\n<p class=\"has-text-align-justify has-small-font-size\" style=\"text-align: justify;\">Atualmente o PPGCITED mantem parceria com Institui\u00e7\u00f5es de Ensino Superior (IES) de tr\u00eas pa\u00edses: Espanha, Portugal e Chile. Na Espanha a parceria direta ocorre com a Universidade de Le\u00f3n, localizada na cidade de Le\u00f3n; as Faculdades envolvidas nestas a\u00e7\u00f5es s\u00e3o a de Ci\u00eancias Biol\u00f3gicas e principalmente a Faculdade de Educa\u00e7\u00e3o. Em Portugal, mantemos conv\u00eanio com a Escola Superior de Educa\u00e7\u00e3o ESE, do <a class=\"ek-link\" href=\"http:\/\/www.ipb.pt\" target=\"_blank\" rel=\"noreferrer noopener\" aria-label=\"Instituto Polit\u00e9cnico de Bragan\u00e7a\/IPB (opens in a new tab)\">Instituto Polit\u00e9cnico de Bragan\u00e7a\/IPB<\/a>, localizado na cidade de Bragan\u00e7a. Outra IES que temos mantido estreito relacionamento \u00e9 a Universidade de Concepci\u00f3n\/UdeC, localizada na cidade de Concepci\u00f3n\/Chile. No ambiente da UdeC temos desenvolvido atividades diretas com as Faculdades de Ci\u00eancias Biol\u00f3gicas e de Educa\u00e7\u00e3o, e de forma indireta com as Faculdades de Qu\u00edmica, de F\u00edsica e de Matem\u00e1tica. Visando ampliar a colabora\u00e7\u00e3o entre as IES participantes do Grupo RIECETE, estamos auxiliando atrav\u00e9s de Consultoria a Faculdade de Educa\u00e7\u00e3o da UdeC na constru\u00e7\u00e3o do curso de Mestrado Profissionalizante na \u00e1rea de Ensino daquela IES. A participa\u00e7\u00e3o de professores do nosso corpo docente nas a\u00e7\u00f5es, no \u00e2mbito brasileiro e do Mercosul, no PASEM &#8211; Programa de Apoio ao Setor Educacional do MERCOSUL, abriu-nos a oportunidade de ampliarmos nossos interc\u00e2mbios com Universidades argentinas e paraguaias. Esta expans\u00e3o tem permitido fomentar o desenvolvimento de atividades nas \u00e1reas de pesquisa, p\u00f3s-gradua\u00e7\u00e3o e mobilidades docente e discente no atendimento das demandas identificadas em cada uma das Institui\u00e7\u00f5es participantes.<\/p>\r\n\r\n\r\n\r\n<div class=\"wp-block-spacer\" style=\"height: 37px;\" aria-hidden=\"true\">\u00a0<\/div>\r\n","protected":false},"excerpt":{"rendered":"<p>Interc\u00e2mbios Nacionais Em rela\u00e7\u00e3o as a\u00e7\u00f5es de interc\u00e2mbio em n\u00edvel nacional \u00e9 importante citar que a parceria entre os Programas PPGCITED, PRONECIM e Licenciaturas existentes no CaVG\/IFSul, est\u00e1 estruturada a [&hellip;]<\/p>\n","protected":false},"author":1,"featured_media":0,"parent":0,"menu_order":0,"comment_status":"closed","ping_status":"closed","template":"","meta":{"_editorskit_title_hidden":false,"_editorskit_reading_time":0,"_editorskit_is_block_options_detached":false,"_editorskit_block_options_position":"{}","footnotes":""},"folder":[],"class_list":["post-79","page","type-page","status-publish","hentry"],"_links":{"self":[{"href":"https:\/\/ppgcited.cavg.ifsul.edu.br\/index.php\/wp-json\/wp\/v2\/pages\/79","targetHints":{"allow":["GET"]}}],"collection":[{"href":"https:\/\/ppgcited.cavg.ifsul.edu.br\/index.php\/wp-json\/wp\/v2\/pages"}],"about":[{"href":"https:\/\/ppgcited.cavg.ifsul.edu.br\/index.php\/wp-json\/wp\/v2\/types\/page"}],"author":[{"embeddable":true,"href":"https:\/\/ppgcited.cavg.ifsul.edu.br\/index.php\/wp-json\/wp\/v2\/users\/1"}],"replies":[{"embeddable":true,"href":"https:\/\/ppgcited.cavg.ifsul.edu.br\/index.php\/wp-json\/wp\/v2\/comments?post=79"}],"version-history":[{"count":12,"href":"https:\/\/ppgcited.cavg.ifsul.edu.br\/index.php\/wp-json\/wp\/v2\/pages\/79\/revisions"}],"predecessor-version":[{"id":2055,"href":"https:\/\/ppgcited.cavg.ifsul.edu.br\/index.php\/wp-json\/wp\/v2\/pages\/79\/revisions\/2055"}],"wp:attachment":[{"href":"https:\/\/ppgcited.cavg.ifsul.edu.br\/index.php\/wp-json\/wp\/v2\/media?parent=79"}],"wp:term":[{"taxonomy":"folder","embeddable":true,"href":"https:\/\/ppgcited.cavg.ifsul.edu.br\/index.php\/wp-json\/wp\/v2\/folder?post=79"}],"curies":[{"name":"wp","href":"https:\/\/api.w.org\/{rel}","templated":true}]}}