{"id":83,"date":"2024-04-09T15:25:34","date_gmt":"2024-04-09T18:25:34","guid":{"rendered":"http:\/\/172.16.0.170\/ppgcited_sitenovo\/?page_id=83"},"modified":"2025-02-07T20:06:31","modified_gmt":"2025-02-07T23:06:31","slug":"historico","status":"publish","type":"page","link":"https:\/\/ppgcited.cavg.ifsul.edu.br\/index.php\/historico\/","title":{"rendered":"Hist\u00f3rico"},"content":{"rendered":"<p style=\"text-align: justify;\">O Col\u00e9gio Agr\u00edcola Visconde da Gra\u00e7a foi criado pelo Decreto n\u00ba 15.102, publicado no Di\u00e1rio Oficial da Uni\u00e3o em 9 de novembro de 1921 e inaugurado em 12 de outubro de 1923, sob a denomina\u00e7\u00e3o de &#8216;Patronato Agr\u00edcola do RS&#8217;. Sua funda\u00e7\u00e3o contou com o apoio do Ministro da Agricultura, o pelotense Dr. Ildefonso Sim\u00f5es Lopes e ficou subordinado ao Minist\u00e9rio da Agricultura. Recebeu este nome em homenagem ao Sr. Jo\u00e3o Sim\u00f5es Lopes Filho, o Visconde da Gra\u00e7a. Na d\u00e9cada de 30, foi transformado em Aprendizado Agr\u00edcola Visconde da Gra\u00e7a e, em 1946, a partir do Decreto Lei n\u00b0 9.613 passou o Aprendizado Agr\u00edcola \u00e0 condi\u00e7\u00e3o de Escola Agrot\u00e9cnica com 2\u00b0 ciclo. Em 1964, pelo Decreto Lei n\u00b0 53.558, a denomina\u00e7\u00e3o foi alterada para Col\u00e9gio Agr\u00edcola, seguindo o estabelecido na LDB de 1961.<\/p>\n<p style=\"text-align: justify;\">O Col\u00e9gio de Economia Dom\u00e9stica Rural teve in\u00edcio de seu funcionamento em 1957 com a denomina\u00e7\u00e3o de Curso Colegial de Economia Rural. Posteriormente, pelo Decreto n\u00ba 52.666 de 11 de outubro de 1963 e, em seguida, pelo Decreto n\u00ba 53.774, de 20 de mar\u00e7o de 1964, passou a ser chamado de Col\u00e9gio de Economia Dom\u00e9stica Rural. Por meio do Decreto n\u00ba 56.881 de 16 de dezembro de 1969, o ent\u00e3o Col\u00e9gio Agr\u00edcola Visconde da Gra\u00e7a e o Col\u00e9gio de Economia Dom\u00e9stica Rural foram incorporados como Unidade da Funda\u00e7\u00e3o Universidade Federal de Pelotas (UFPel), vinculada ao Minist\u00e9rio da Educa\u00e7\u00e3o e Desporto.<\/p>\n<p style=\"text-align: justify;\">A partir de 1975, al\u00e9m da forma\u00e7\u00e3o de t\u00e9cnicos em n\u00edvel de segundo grau em Agropecu\u00e1ria e Economia Dom\u00e9stica foi implantado o Curso T\u00e9cnico em Alimentos e a institui\u00e7\u00e3o passou a ser denominada Conjunto Agrot\u00e9cnico &#8220;Visconde da Gra\u00e7a\u201d (CaVG). A partir de 2010, o ent\u00e3o CaVG foi incorporado pelo IFSul e passou a ser denominado C\u00e2mpus Pelotas &#8211; Visconde da Gra\u00e7a (CaVG).<\/p>\n<p style=\"text-align: justify;\">No ano de 2007 um grupo de professoras\/es oriundas\/os do Instituto de Biologia e do Instituto de Qu\u00edmica do ent\u00e3o Conjunto Agrot\u00e9cnico &#8216;Visconde da Gra\u00e7a&#8217; e pertencentes \u00e0 UFPel, criou o N\u00facleo de Estudos em Ci\u00eancias e Matem\u00e1tica (NECIM). O N\u00facleo surgiu a partir de demandas apresentadas pelas Secretarias Municipais de Educa\u00e7\u00e3o existentes na \u00e1rea de abrang\u00eancia da UFPel, as quais buscavam cursos e eventos de forma\u00e7\u00e3o continuada para o aperfei\u00e7oamento de suas\/seus professoras\/es. Desde a funda\u00e7\u00e3o do NECIM, in\u00fameros cursos e eventos cient\u00edficos foram realizados com o objetivo de qualificar o ensino b\u00e1sico na regi\u00e3o sul do Rio Grande do Sul.<\/p>\n<p style=\"text-align: justify;\">Com a participa\u00e7\u00e3o de docentes nos cursos de forma\u00e7\u00e3o continuada oferecidos pelo NECIM verificou-se a necessidade de oferecer um curso em n\u00edvel de Especializa\u00e7\u00e3o. Sendo assim, em 2011, foi criado o Curso de Especializa\u00e7\u00e3o em Ci\u00eancias e Tecnologias na Educa\u00e7\u00e3o, que passou a ser oferecido pelo CaVG &#8211; IFSul. Tal curso continua sendo desenvolvido atualmente, atendendo prioritariamente professoras\/es da Educa\u00e7\u00e3o B\u00e1sica de escolas p\u00fablicas.<\/p>\n<p style=\"text-align: justify;\">Ap\u00f3s a conclus\u00e3o da primeira turma do curso de Especializa\u00e7\u00e3o, e devido \u00e0 demanda das\/os professoras\/es por um curso em n\u00edvel de Mestrado Profissional, foi organizado e proposto o curso de Mestrado Profissional em Ci\u00eancias e Tecnologias na Educa\u00e7\u00e3o. O curso foi aprovado em \u00e2mbito institucional e pela CAPES, formando o Programa de P\u00f3s-gradua\u00e7\u00e3o em Ci\u00eancias e Tecnologias na Educa\u00e7\u00e3o (PPGCITED) do CaVG.<\/p>\n<p style=\"text-align: justify;\">O projeto inicial do curso de Mestrado foi encaminhado, em APCN, no ano de 2012 (Proposta 8189\/2012). O Conselho T\u00e9cnico-Cient\u00edfico da Educa\u00e7\u00e3o Superior (CTC-ES) da CAPES se posicionou favoravelmente \u00e0 implanta\u00e7\u00e3o do Mestrado ap\u00f3s recomenda\u00e7\u00e3o de nota 3, atribu\u00edda \u00e0 Proposta em 27 de fevereiro de 2013, durante a 143\u00aa reuni\u00e3o deste Conselho. O resultado foi comunicado ao IFSul por meio do Of\u00edcio N\u00ba 09-06\/2013\/CTC\/CAAIII\/CGAA\/DAV\/CAPES em 4 de mar\u00e7o de 2013. Nesse of\u00edcio, de acordo com o artigo 5\u00ba da Portaria n\u00ba 194 de 2011, ficou estabelecido um prazo de 12 meses para iniciar o funcionamento do curso. No final de 2013, ent\u00e3o, foi publicado o primeiro edital de sele\u00e7\u00e3o para estudantes regulares do Programa e, em mar\u00e7o de 2014, teve in\u00edcio a primeira turma de mestrado do PPGCITED.<\/p>\n<p style=\"text-align: justify;\">Atualmente, o curso de Mestrado encontra-se na sua 11\u00aa turma, com um total de 99 estudantes. Desde o seu in\u00edcio, j\u00e1 foram realizadas 103 defesas de disserta\u00e7\u00f5es. \u00c9 evidente a constante demanda pelo curso, refletida no n\u00famero de candidatas\/os para as vagas disponibilizadas.<\/p>\n","protected":false},"excerpt":{"rendered":"<p>O Col\u00e9gio Agr\u00edcola Visconde da Gra\u00e7a foi criado pelo Decreto n\u00ba 15.102, publicado no Di\u00e1rio Oficial da Uni\u00e3o em 9 de novembro de 1921 e inaugurado em 12 de outubro [&hellip;]<\/p>\n","protected":false},"author":1,"featured_media":0,"parent":0,"menu_order":0,"comment_status":"closed","ping_status":"closed","template":"","meta":{"_editorskit_title_hidden":false,"_editorskit_reading_time":0,"_editorskit_is_block_options_detached":false,"_editorskit_block_options_position":"{}","footnotes":""},"folder":[],"class_list":["post-83","page","type-page","status-publish","hentry"],"_links":{"self":[{"href":"https:\/\/ppgcited.cavg.ifsul.edu.br\/index.php\/wp-json\/wp\/v2\/pages\/83","targetHints":{"allow":["GET"]}}],"collection":[{"href":"https:\/\/ppgcited.cavg.ifsul.edu.br\/index.php\/wp-json\/wp\/v2\/pages"}],"about":[{"href":"https:\/\/ppgcited.cavg.ifsul.edu.br\/index.php\/wp-json\/wp\/v2\/types\/page"}],"author":[{"embeddable":true,"href":"https:\/\/ppgcited.cavg.ifsul.edu.br\/index.php\/wp-json\/wp\/v2\/users\/1"}],"replies":[{"embeddable":true,"href":"https:\/\/ppgcited.cavg.ifsul.edu.br\/index.php\/wp-json\/wp\/v2\/comments?post=83"}],"version-history":[{"count":21,"href":"https:\/\/ppgcited.cavg.ifsul.edu.br\/index.php\/wp-json\/wp\/v2\/pages\/83\/revisions"}],"predecessor-version":[{"id":2050,"href":"https:\/\/ppgcited.cavg.ifsul.edu.br\/index.php\/wp-json\/wp\/v2\/pages\/83\/revisions\/2050"}],"wp:attachment":[{"href":"https:\/\/ppgcited.cavg.ifsul.edu.br\/index.php\/wp-json\/wp\/v2\/media?parent=83"}],"wp:term":[{"taxonomy":"folder","embeddable":true,"href":"https:\/\/ppgcited.cavg.ifsul.edu.br\/index.php\/wp-json\/wp\/v2\/folder?post=83"}],"curies":[{"name":"wp","href":"https:\/\/api.w.org\/{rel}","templated":true}]}}