{"id":85,"date":"2024-04-09T15:25:45","date_gmt":"2024-04-09T18:25:45","guid":{"rendered":"http:\/\/172.16.0.170\/ppgcited_sitenovo\/?page_id=85"},"modified":"2025-02-07T20:11:10","modified_gmt":"2025-02-07T23:11:10","slug":"linhas-de-pesquisa","status":"publish","type":"page","link":"https:\/\/ppgcited.cavg.ifsul.edu.br\/index.php\/linhas-de-pesquisa\/","title":{"rendered":"Linhas de pesquisa"},"content":{"rendered":"\r\n<h3 class=\"wp-block-heading wp-elements-1bd51488342f0c5bf03cbd1519ca44bf\"><span style=\"color: #99cc00;\">2025\/1<\/span><\/h3>\r\n<h5><span style=\"color: #99cc00;\"><strong><em>Tecnologias no Ensino de Ci\u00eancias<\/em><\/strong><\/span><\/h5>\r\n<p style=\"text-align: justify;\">Esta linha de pesquisa investiga processos de ensino de Ci\u00eancias e Matem\u00e1tica em suas interfaces com as Tecnologias Educacionais. Desenvolve, implementa e analisa processos de ensino e aprendizagem a partir da utiliza\u00e7\u00e3o de recursos educacionais digitais, nos diversos formatos e suportes, na Educa\u00e7\u00e3o B\u00e1sica, Ensino Superior e contextos n\u00e3o-formais de ensino.<\/p>\r\n<h5><span style=\"color: #99cc00;\"><em><strong>Ensino e Aprendizagens de Ci\u00eancias na contemporaneidade<\/strong><\/em><\/span><\/h5>\r\n<p style=\"text-align: justify;\">Esta linha de pesquisa compreende os processos, as investiga\u00e7\u00f5es e as produ\u00e7\u00f5es acad\u00eamicas acerca de quest\u00f5es relacionadas ao ensino e \u00e0s aprendizagens das Ci\u00eancias da Natureza e Matem\u00e1tica, contemplando projetos de desenvolvimento de produtos\/processos educacionais que procuram ampliar os conhecimentos e as pr\u00e1ticas na Educa\u00e7\u00e3o B\u00e1sica, no Ensino Superior e em contextos n\u00e3o-formais de ensino.<\/p>\r\n<h3><span style=\"color: #99cc00;\">At\u00e9 2024\/2<\/span><\/h3>\r\n<h5 class=\"wp-block-heading has-vivid-green-cyan-color has-text-color has-link-color\"><span style=\"color: #99cc00;\"><em><strong>Ensino de Ci\u00eancias e a Educa\u00e7\u00e3o Profissional e Tecnol\u00f3gica<\/strong><\/em><\/span><\/h5>\r\n\r\n\r\n\r\n<p class=\"has-text-align-justify has-small-font-size\" style=\"text-align: justify;\">A linha de pesquisa\u00a0<strong>Ensino de Ci\u00eancias e a Educa\u00e7\u00e3o Profissional e Tecnol\u00f3gica\u00a0<\/strong>est\u00e1 relacionada \u00e0 \u00e1rea de concentra\u00e7\u00e3o\u00a0<strong>Ensino de Ci\u00eancias\u00a0<\/strong>e\u00a0visa a aprofundar os conhecimentos dos\/as docentes das \u00e1reas de Ci\u00eancias e Matem\u00e1tica na Educa\u00e7\u00e3o Infantil e nos Ensinos Fundamental, M\u00e9dio e Superior, ampliando o seu dom\u00ednio de conte\u00fados e conhecimentos das disciplinas de Biologia, Qu\u00edmica, F\u00edsica e Matem\u00e1tica, em seus aspectos te\u00f3ricos, metodol\u00f3gicos e epistemol\u00f3gicos. Pretende desenvolver conhecimentos do\/a docente no que diz respeito \u00e0s pr\u00e1ticas de sala de aula para melhor qualific\u00e1-los\/las profissionalmente.\u00a0<\/p>\r\n\r\n\r\n\r\n<div class=\"wp-block-columns is-layout-flex wp-container-core-columns-is-layout-9d6595d7 wp-block-columns-is-layout-flex\">\r\n<div class=\"wp-block-column is-layout-flow wp-block-column-is-layout-flow\">\r\n<div class=\"wp-block-buttons is-content-justification-center is-layout-flex wp-container-core-buttons-is-layout-16018d1d wp-block-buttons-is-layout-flex\">\r\n<div class=\"wp-block-button has-custom-width wp-block-button__width-100 has-custom-font-size has-small-font-size\"><a class=\"wp-block-button__link has-vivid-green-cyan-background-color has-background wp-element-button\" href=\"https:\/\/ppgcited.cavg.ifsul.edu.br\/index.php\/formacao-de-professores-em-ciencias\/\" target=\"_blank\" rel=\"noreferrer noopener\"><strong><sup>Forma\u00e7\u00e3o de Professores em Ci\u00eancias<\/sup><\/strong><\/a><\/div>\r\n<\/div>\r\n<\/div>\r\n\r\n\r\n\r\n<div class=\"wp-block-column is-layout-flow wp-block-column-is-layout-flow\">\r\n<div class=\"wp-block-buttons is-content-justification-center is-layout-flex wp-container-core-buttons-is-layout-16018d1d wp-block-buttons-is-layout-flex\">\r\n<div class=\"wp-block-button has-custom-width wp-block-button__width-100 has-custom-font-size has-small-font-size\"><a class=\"wp-block-button__link has-vivid-green-cyan-background-color has-background wp-element-button\" href=\"https:\/\/ppgcited.cavg.ifsul.edu.br\/index.php\/ensino-e-aprendizagem-em-ciencias-e-matematica\/\" target=\"_blank\" rel=\"noreferrer noopener\"><strong><sup>Ensino e Aprendizagem em Ci\u00eancias e Matem\u00e1tica<\/sup><\/strong><\/a><\/div>\r\n<\/div>\r\n<\/div>\r\n<\/div>\r\n\r\n\r\n\r\n<div class=\"wp-block-spacer\" style=\"height: 37px;\" aria-hidden=\"true\">\u00a0<\/div>\r\n\r\n\r\n\r\n<h5 class=\"wp-block-heading has-vivid-green-cyan-color has-text-color has-link-color wp-elements-0e5e59de889dd573bc3491948c25b014\"><span style=\"color: #99cc00;\"><em><strong>Tecnologias Educacionais no Ensino<\/strong><\/em><\/span><\/h5>\r\n\r\n\r\n\r\n<p class=\"has-text-align-justify has-small-font-size\" style=\"text-align: justify;\">A linha de pesquisa\u00a0<strong>Tecnologias Educacionais no Ensino\u00a0<\/strong>est\u00e1 relacionada \u00e0 \u00e1rea de concentra\u00e7\u00e3o\u00a0<strong>Tecnologias na Educa\u00e7\u00e3o<\/strong>\u00a0e visa aprofundar os conhecimentos dos\/as docentes referentes ao dom\u00ednio das Tecnologias Educacionais como ferramental e instrumento de trabalho articulando com as suas respectivas \u00e1reas de forma\u00e7\u00e3o. Pretende fomentar, nesta articula\u00e7\u00e3o, a utiliza\u00e7\u00e3o dos recursos tecnol\u00f3gicos nos processos de ensino e de aprendizagem de conte\u00fados espec\u00edficos das suas \u00e1reas de atua\u00e7\u00e3o e viabilizar o desenvolvimento de novos processos e produtos voltados \u00e0 melhoria das atividades realizadas no cotidiano do Ensino Profissional e Tecnol\u00f3gico.<\/p>\r\n\r\n\r\n\r\n<div class=\"wp-block-columns is-layout-flex wp-container-core-columns-is-layout-9d6595d7 wp-block-columns-is-layout-flex\">\r\n<div class=\"wp-block-column is-layout-flow wp-block-column-is-layout-flow\">\r\n<div class=\"wp-block-buttons is-content-justification-center is-layout-flex wp-container-core-buttons-is-layout-16018d1d wp-block-buttons-is-layout-flex\">\r\n<div class=\"wp-block-button has-custom-width wp-block-button__width-100 has-custom-font-size has-small-font-size\"><span style=\"font-size: 12px;\"><a class=\"wp-block-button__link has-vivid-green-cyan-background-color has-background wp-element-button\" href=\"https:\/\/ppgcited.cavg.ifsul.edu.br\/index.php\/tecnologias-na-educacao\/\" target=\"_blank\" rel=\"noreferrer noopener\"><strong>Tecnologias na Educa\u00e7\u00e3o<\/strong><\/a><\/span><\/div>\r\n<span style=\"font-size: 12px;\"><\/span><\/div>\r\n<span style=\"font-size: 12px;\"><\/span><\/div>\r\n<span style=\"font-size: 12px;\">\r\n\r\n<\/span>\r\n<div class=\"wp-block-column is-layout-flow wp-block-column-is-layout-flow\"><span style=\"font-size: 12px;\"><\/span>\r\n<div class=\"wp-block-buttons is-content-justification-center is-layout-flex wp-container-core-buttons-is-layout-16018d1d wp-block-buttons-is-layout-flex\"><span style=\"font-size: 12px;\"><\/span>\r\n<div class=\"wp-block-button has-custom-width wp-block-button__width-100 has-custom-font-size has-small-font-size\"><span style=\"font-size: 12px;\"><a class=\"wp-block-button__link has-vivid-green-cyan-background-color has-background wp-element-button\" style=\"border-radius: 100px;\" href=\"https:\/\/ppgcited.cavg.ifsul.edu.br\/index.php\/educacao-inclusiva\/\" target=\"_blank\" rel=\"noreferrer noopener\"><strong>Educa\u00e7\u00e3o Inclusiva<\/strong><\/a><\/span><\/div>\r\n<\/div>\r\n<\/div>\r\n<\/div>\r\n\r\n\r\n\r\n<div class=\"wp-block-spacer\" style=\"height: 36px;\" aria-hidden=\"true\">\u00a0<\/div>\r\n","protected":false},"excerpt":{"rendered":"<p>2025\/1 Tecnologias no Ensino de Ci\u00eancias Esta linha de pesquisa investiga processos de ensino de Ci\u00eancias e Matem\u00e1tica em suas interfaces com as Tecnologias Educacionais. Desenvolve, implementa e analisa processos [&hellip;]<\/p>\n","protected":false},"author":1,"featured_media":0,"parent":0,"menu_order":0,"comment_status":"closed","ping_status":"closed","template":"","meta":{"_editorskit_title_hidden":false,"_editorskit_reading_time":0,"_editorskit_is_block_options_detached":false,"_editorskit_block_options_position":"{}","footnotes":""},"folder":[],"class_list":["post-85","page","type-page","status-publish","hentry"],"_links":{"self":[{"href":"https:\/\/ppgcited.cavg.ifsul.edu.br\/index.php\/wp-json\/wp\/v2\/pages\/85","targetHints":{"allow":["GET"]}}],"collection":[{"href":"https:\/\/ppgcited.cavg.ifsul.edu.br\/index.php\/wp-json\/wp\/v2\/pages"}],"about":[{"href":"https:\/\/ppgcited.cavg.ifsul.edu.br\/index.php\/wp-json\/wp\/v2\/types\/page"}],"author":[{"embeddable":true,"href":"https:\/\/ppgcited.cavg.ifsul.edu.br\/index.php\/wp-json\/wp\/v2\/users\/1"}],"replies":[{"embeddable":true,"href":"https:\/\/ppgcited.cavg.ifsul.edu.br\/index.php\/wp-json\/wp\/v2\/comments?post=85"}],"version-history":[{"count":33,"href":"https:\/\/ppgcited.cavg.ifsul.edu.br\/index.php\/wp-json\/wp\/v2\/pages\/85\/revisions"}],"predecessor-version":[{"id":2053,"href":"https:\/\/ppgcited.cavg.ifsul.edu.br\/index.php\/wp-json\/wp\/v2\/pages\/85\/revisions\/2053"}],"wp:attachment":[{"href":"https:\/\/ppgcited.cavg.ifsul.edu.br\/index.php\/wp-json\/wp\/v2\/media?parent=85"}],"wp:term":[{"taxonomy":"folder","embeddable":true,"href":"https:\/\/ppgcited.cavg.ifsul.edu.br\/index.php\/wp-json\/wp\/v2\/folder?post=85"}],"curies":[{"name":"wp","href":"https:\/\/api.w.org\/{rel}","templated":true}]}}